{"id":903,"date":"2021-03-29T15:41:52","date_gmt":"2021-03-29T13:41:52","guid":{"rendered":"https:\/\/klavirnikurzybrno.cz\/?page_id=903"},"modified":"2021-03-29T15:41:52","modified_gmt":"2021-03-29T13:41:52","slug":"mgr-krista-stritecka","status":"publish","type":"page","link":"https:\/\/konzervatorbrno.eu\/klavirnikurzy\/mgr-krista-stritecka\/","title":{"rendered":"Mgr. Krista St\u0159\u00edteck\u00e1"},"content":{"rendered":"\n<div class=\"wp-block-media-text alignwide is-stacked-on-mobile is-vertically-aligned-top\" style=\"grid-template-columns:15% auto\"><figure class=\"wp-block-media-text__media\"><img loading=\"lazy\" decoding=\"async\" width=\"641\" height=\"1024\" src=\"http:\/\/klavirnikurzybrno.cz\/wp-content\/uploads\/2021\/03\/KRista-edited-641x1024.jpg\" alt=\"\" class=\"wp-image-412 size-full\" srcset=\"https:\/\/konzervatorbrno.eu\/klavirnikurzy\/wp-content\/uploads\/2021\/03\/KRista-edited-641x1024.jpg 641w, https:\/\/konzervatorbrno.eu\/klavirnikurzy\/wp-content\/uploads\/2021\/03\/KRista-edited-188x300.jpg 188w, https:\/\/konzervatorbrno.eu\/klavirnikurzy\/wp-content\/uploads\/2021\/03\/KRista-edited.jpg 666w\" sizes=\"auto, (max-width: 641px) 100vw, 641px\" \/><\/figure><div class=\"wp-block-media-text__content\">\n<p><strong>Studia:<\/strong><\/p>\n\n\n\n<p>1985 &#8211; 1991 studium na brn\u011bnsk\u00e9 konzervato\u0159i v klav\u00edrn\u00ed t\u0159\u00edd\u011b prof.V\u00e1clava \u0160effla<\/p>\n\n\n\n<p>1991 &#8211; 1996 studium na JAMU pod veden\u00edm Prof. Inessy Jan\u00ed\u010dkov\u00e9<\/p>\n\n\n\n<p><strong>P\u016fsoben\u00ed na pracovi\u0161ti:<\/strong><\/p>\n\n\n\n<p>V sou\u010dasnosti p\u016fsob\u00ed na brn\u011bnsk\u00e9 konzervato\u0159i jako vyu\u010duj\u00edc\u00ed hry na klav\u00edr a v\u011bnuje se korepetici na smy\u010dcov\u00e9m odd\u011blen\u00ed.<\/p>\n\n\n\n<p><strong>Um\u011bleck\u00e1 \u010dinnost:<\/strong><\/p>\n\n\n\n<p>Klav\u00edrn\u00ed spolupr\u00e1ce se studenty smy\u010dcov\u00e9ho odd\u011blen\u00ed na koncertech a sout\u011b\u017e\u00edch doma i v zahrani\u010d\u00ed<\/p>\n<\/div><\/div>\n","protected":false},"excerpt":{"rendered":"<p>Studia: 1985 &#8211; 1991 studium na brn\u011bnsk\u00e9 konzervato\u0159i v klav\u00edrn\u00ed t\u0159\u00edd\u011b prof.V\u00e1clava \u0160effla 1991 &#8211; 1996 studium na JAMU pod veden\u00edm Prof. Inessy Jan\u00ed\u010dkov\u00e9 P\u016fsoben\u00ed na pracovi\u0161ti: V sou\u010dasnosti p\u016fsob\u00ed na brn\u011bnsk\u00e9 konzervato\u0159i jako vyu\u010duj\u00edc\u00ed hry na klav\u00edr a v\u011bnuje se korepetici na smy\u010dcov\u00e9m odd\u011blen\u00ed. Um\u011bleck\u00e1 \u010dinnost: Klav\u00edrn\u00ed spolupr\u00e1ce se studenty smy\u010dcov\u00e9ho odd\u011blen\u00ed na koncertech&hellip; <a class=\"more-link\" href=\"https:\/\/konzervatorbrno.eu\/klavirnikurzy\/mgr-krista-stritecka\/\">Pokra\u010dovat ve\u00a0\u010dten\u00ed <span class=\"screen-reader-text\">Mgr. Krista St\u0159\u00edteck\u00e1<\/span><\/a><\/p>\n","protected":false},"author":4,"featured_media":0,"parent":0,"menu_order":0,"comment_status":"closed","ping_status":"closed","template":"","meta":{"ngg_post_thumbnail":0,"footnotes":""},"class_list":["post-903","page","type-page","status-publish","hentry","entry"],"_links":{"self":[{"href":"https:\/\/konzervatorbrno.eu\/klavirnikurzy\/wp-json\/wp\/v2\/pages\/903","targetHints":{"allow":["GET"]}}],"collection":[{"href":"https:\/\/konzervatorbrno.eu\/klavirnikurzy\/wp-json\/wp\/v2\/pages"}],"about":[{"href":"https:\/\/konzervatorbrno.eu\/klavirnikurzy\/wp-json\/wp\/v2\/types\/page"}],"author":[{"embeddable":true,"href":"https:\/\/konzervatorbrno.eu\/klavirnikurzy\/wp-json\/wp\/v2\/users\/4"}],"replies":[{"embeddable":true,"href":"https:\/\/konzervatorbrno.eu\/klavirnikurzy\/wp-json\/wp\/v2\/comments?post=903"}],"version-history":[{"count":1,"href":"https:\/\/konzervatorbrno.eu\/klavirnikurzy\/wp-json\/wp\/v2\/pages\/903\/revisions"}],"predecessor-version":[{"id":904,"href":"https:\/\/konzervatorbrno.eu\/klavirnikurzy\/wp-json\/wp\/v2\/pages\/903\/revisions\/904"}],"wp:attachment":[{"href":"https:\/\/konzervatorbrno.eu\/klavirnikurzy\/wp-json\/wp\/v2\/media?parent=903"}],"curies":[{"name":"wp","href":"https:\/\/api.w.org\/{rel}","templated":true}]}}