{"id":898,"date":"2021-03-29T15:38:04","date_gmt":"2021-03-29T13:38:04","guid":{"rendered":"https:\/\/klavirnikurzybrno.cz\/?page_id=898"},"modified":"2021-03-29T15:38:29","modified_gmt":"2021-03-29T13:38:29","slug":"898-2","status":"publish","type":"page","link":"https:\/\/konzervatorbrno.eu\/klavirnikurzy\/898-2\/","title":{"rendered":"Mgr. art. Pavla Reiffersov\u00e1 ArtD."},"content":{"rendered":"\n<p><\/p>\n\n\n\n<div class=\"wp-block-media-text alignwide is-stacked-on-mobile is-vertically-aligned-top\" style=\"grid-template-columns:15% auto\"><figure class=\"wp-block-media-text__media\"><img loading=\"lazy\" decoding=\"async\" width=\"500\" height=\"750\" src=\"http:\/\/klavirnikurzybrno.cz\/wp-content\/uploads\/2021\/03\/reiferssova_pavla.jpg\" alt=\"\" class=\"wp-image-408 size-full\" srcset=\"https:\/\/konzervatorbrno.eu\/klavirnikurzy\/wp-content\/uploads\/2021\/03\/reiferssova_pavla.jpg 500w, https:\/\/konzervatorbrno.eu\/klavirnikurzy\/wp-content\/uploads\/2021\/03\/reiferssova_pavla-200x300.jpg 200w\" sizes=\"auto, (max-width: 500px) 100vw, 500px\" \/><\/figure><div class=\"wp-block-media-text__content\">\n<p><strong>Mgr.art. Pavla Reiffersov\u00e1, ArtD.<\/strong> studovala na ko\u0161ick\u00e9 Konzervato\u0159i ve t\u0159\u00edd\u011b MgA. Anny Li\u010dkov\u00e9. Magistersk\u00e9 a doktorsk\u00e9 studium absolvovala na V\u0160MU v Bratislav\u011b pod veden\u00edm prof. Stanislava Zamborsk\u00e9ho, ArtD. Vzd\u011bl\u00e1n\u00ed si doplnila studijn\u00edmi pobyty na brn\u011bnsk\u00e9 JAMU (prof. Ji\u0159\u00ed Skovajsa) a pra\u017esk\u00e9 AMU (prof. Peter Toperczer). Absolvovala tak\u00e9 mistrovsk\u00e9 interpreta\u010dn\u00ed kurzy u renomovan\u00fdch klav\u00edrist\u016f jako Piotr Paleczny, Mikhail Voskresensky, Vladimir Viardo, Viktor Derevianko a dal\u0161\u00ed.<\/p>\n\n\n\n<p>Je laure\u00e1tkou n\u011bkolika sout\u011b\u017e\u00ed (O cenu Leo\u0161e Jan\u00e1\u010dka, Sout\u011b\u017e Nadace Bohuslava Martin\u016f, Concorso Pianistico Roma).<\/p>\n\n\n\n<p>Realizovala nahr\u00e1vky pro Slovensk\u00fd a \u010cesk\u00fd rozhlas.<\/p>\n\n\n\n<p>Koncertn\u011b vystoupila v mnoha evropsk\u00fdch zem\u00edch (Slovensko, \u010cesk\u00e1 republika, Polsko, Portugalsko, Holandsko, N\u011bmecko, Ma\u010farsko, Rakousko), s\u00f3lov\u011b nebo jako komorn\u00ed partnerka, zejm\u00e9na \u010dlenka klav\u00edrn\u00edho dua a klav\u00edrn\u00edho tria.<\/p>\n\n\n\n<p>Jako s\u00f3listka se p\u0159edstavila se St\u00e1tn\u00ed filharmoni\u00ed Ko\u0161ice, Symfonick\u00fdm orchestrem Slovensk\u00e9ho rozhlasu a jin\u00fdmi t\u011blesy.<\/p>\n\n\n\n<p>Krom\u011b v\u00fduky klav\u00edru se v\u011bnuje tak\u00e9 klav\u00edrn\u00ed spolupr\u00e1ci.<\/p>\n<\/div><\/div>\n","protected":false},"excerpt":{"rendered":"<p>Mgr.art. Pavla Reiffersov\u00e1, ArtD. studovala na ko\u0161ick\u00e9 Konzervato\u0159i ve t\u0159\u00edd\u011b MgA. Anny Li\u010dkov\u00e9. Magistersk\u00e9 a doktorsk\u00e9 studium absolvovala na V\u0160MU v Bratislav\u011b pod veden\u00edm prof. Stanislava Zamborsk\u00e9ho, ArtD. Vzd\u011bl\u00e1n\u00ed si doplnila studijn\u00edmi pobyty na brn\u011bnsk\u00e9 JAMU (prof. Ji\u0159\u00ed Skovajsa) a pra\u017esk\u00e9 AMU (prof. Peter Toperczer). Absolvovala tak\u00e9 mistrovsk\u00e9 interpreta\u010dn\u00ed kurzy u renomovan\u00fdch klav\u00edrist\u016f jako Piotr&hellip; <a class=\"more-link\" href=\"https:\/\/konzervatorbrno.eu\/klavirnikurzy\/898-2\/\">Pokra\u010dovat ve\u00a0\u010dten\u00ed <span class=\"screen-reader-text\">Mgr. art. Pavla Reiffersov\u00e1 ArtD.<\/span><\/a><\/p>\n","protected":false},"author":4,"featured_media":0,"parent":0,"menu_order":0,"comment_status":"closed","ping_status":"closed","template":"","meta":{"ngg_post_thumbnail":0,"footnotes":""},"class_list":["post-898","page","type-page","status-publish","hentry","entry"],"_links":{"self":[{"href":"https:\/\/konzervatorbrno.eu\/klavirnikurzy\/wp-json\/wp\/v2\/pages\/898","targetHints":{"allow":["GET"]}}],"collection":[{"href":"https:\/\/konzervatorbrno.eu\/klavirnikurzy\/wp-json\/wp\/v2\/pages"}],"about":[{"href":"https:\/\/konzervatorbrno.eu\/klavirnikurzy\/wp-json\/wp\/v2\/types\/page"}],"author":[{"embeddable":true,"href":"https:\/\/konzervatorbrno.eu\/klavirnikurzy\/wp-json\/wp\/v2\/users\/4"}],"replies":[{"embeddable":true,"href":"https:\/\/konzervatorbrno.eu\/klavirnikurzy\/wp-json\/wp\/v2\/comments?post=898"}],"version-history":[{"count":2,"href":"https:\/\/konzervatorbrno.eu\/klavirnikurzy\/wp-json\/wp\/v2\/pages\/898\/revisions"}],"predecessor-version":[{"id":900,"href":"https:\/\/konzervatorbrno.eu\/klavirnikurzy\/wp-json\/wp\/v2\/pages\/898\/revisions\/900"}],"wp:attachment":[{"href":"https:\/\/konzervatorbrno.eu\/klavirnikurzy\/wp-json\/wp\/v2\/media?parent=898"}],"curies":[{"name":"wp","href":"https:\/\/api.w.org\/{rel}","templated":true}]}}