{"id":894,"date":"2021-03-29T15:30:38","date_gmt":"2021-03-29T13:30:38","guid":{"rendered":"https:\/\/klavirnikurzybrno.cz\/?page_id=894"},"modified":"2021-03-29T15:30:38","modified_gmt":"2021-03-29T13:30:38","slug":"mga-dominik-gal","status":"publish","type":"page","link":"https:\/\/konzervatorbrno.eu\/klavirnikurzy\/mga-dominik-gal\/","title":{"rendered":"MgA. Dominik G\u00e1l"},"content":{"rendered":"\n<div class=\"wp-block-media-text alignwide is-stacked-on-mobile is-vertically-aligned-top\" style=\"grid-template-columns:15% auto\"><figure class=\"wp-block-media-text__media\"><img loading=\"lazy\" decoding=\"async\" width=\"494\" height=\"792\" src=\"http:\/\/klavirnikurzybrno.cz\/wp-content\/uploads\/2021\/03\/gal_dominik-edited-1.jpg\" alt=\"\" class=\"wp-image-401 size-full\" srcset=\"https:\/\/konzervatorbrno.eu\/klavirnikurzy\/wp-content\/uploads\/2021\/03\/gal_dominik-edited-1.jpg 494w, https:\/\/konzervatorbrno.eu\/klavirnikurzy\/wp-content\/uploads\/2021\/03\/gal_dominik-edited-1-187x300.jpg 187w\" sizes=\"auto, (max-width: 494px) 100vw, 494px\" \/><\/figure><div class=\"wp-block-media-text__content\">\n<p><strong>MgA. Dominik G\u00e1l<\/strong> vystudoval bratislavskou konzervato\u0159 u profesora P. \u010cermana, pod jeho\u017e veden\u00edm debutoval ve Slovensk\u00e9 Filharmonii a\u00a0stal se absolutn\u00edm v\u00edt\u011bzem Sout\u011b\u017ee student\u016f slovensk\u00fdch konzervato\u0159\u00ed.<\/p>\n\n\n\n<p>V roce 2011 zapo\u010dal sv\u00e1 studia na&nbsp; JAMU v Brn\u011b, ve t\u0159\u00edd\u011b profesorky A. Vlas\u00e1kov\u00e9a profesora J. Jirask\u00e9ho, pod jejich\u017e veden\u00edm se stal laure\u00e1tem mezin\u00e1rodn\u00edch klav\u00edrn\u00edch sout\u011b\u017e\u00ed (nap\u0159. Yamaha foundation scholarship, Mezin\u00e1rodn\u00ed Nov\u00e1kova klav\u00edrn\u00ed sout\u011b\u017e, Concorso musicale Filadelfia, Euregio piano award Geilenkirchen). Sv\u00e1 studia klav\u00edru si roz\u0161\u00ed\u0159il t\u00e9\u017e ro\u010dn\u00ed st\u00e1\u017e\u00ed na Akademii Muzycznej&nbsp;v&nbsp;polsk\u00fdch Katovic\u00edch ve t\u0159\u00edde prof. J. Doma\u0144sk\u00e9 a&nbsp;prof. G. Biegase. V&nbsp;r\u00e1mci koncertn\u00ed \u010dinnosti p\u016fsob\u00ed v&nbsp;\u010cesk\u00e9 republice i&nbsp;zahrani\u010d\u00ed.<\/p>\n\n\n\n<p>Dominik G\u00e1l je pravideln\u00fdm \u00fa\u010dastn\u00edkem mezin\u00e1rodn\u00edch interpreta\u010dn\u00edch kurz\u016f, kde spolupracuje s renomovan\u00fdmi profesory nap\u0159. A. Strukov, B. Szokolay, A. Jasinski, P. Giusiano, W. Switala, Z. Raubo, E, Indji\u010d. Stal se taky stipendistem&nbsp; mezin\u00e1rodn\u00edch mistrovsk\u00fdch kurz\u016f The International Holland Music Sessions, kde studoval pod veden\u00edm v\u00fdznamn\u00fdch profesor\u016f: Lee Kum Sing, M. Raekalio nebo J. Rouvier. V&nbsp;sou\u010dasnosti je studentem&nbsp; JAMU v Brn\u011b v&nbsp;r\u00e1mci doktorsk\u00e9ho studia a&nbsp;od roku 2019 p\u016fsob\u00ed jako pedagog hlavn\u00edho oboru na Konzervato\u0159i v&nbsp;Brn\u011b.<\/p>\n<\/div><\/div>\n","protected":false},"excerpt":{"rendered":"<p>MgA. Dominik G\u00e1l vystudoval bratislavskou konzervato\u0159 u profesora P. \u010cermana, pod jeho\u017e veden\u00edm debutoval ve Slovensk\u00e9 Filharmonii a\u00a0stal se absolutn\u00edm v\u00edt\u011bzem Sout\u011b\u017ee student\u016f slovensk\u00fdch konzervato\u0159\u00ed. V roce 2011 zapo\u010dal sv\u00e1 studia na&nbsp; JAMU v Brn\u011b, ve t\u0159\u00edd\u011b profesorky A. Vlas\u00e1kov\u00e9a profesora J. Jirask\u00e9ho, pod jejich\u017e veden\u00edm se stal laure\u00e1tem mezin\u00e1rodn\u00edch klav\u00edrn\u00edch sout\u011b\u017e\u00ed (nap\u0159. Yamaha foundation&hellip; <a class=\"more-link\" href=\"https:\/\/konzervatorbrno.eu\/klavirnikurzy\/mga-dominik-gal\/\">Pokra\u010dovat ve\u00a0\u010dten\u00ed <span class=\"screen-reader-text\">MgA. Dominik G\u00e1l<\/span><\/a><\/p>\n","protected":false},"author":4,"featured_media":0,"parent":0,"menu_order":0,"comment_status":"closed","ping_status":"closed","template":"","meta":{"ngg_post_thumbnail":0,"footnotes":""},"class_list":["post-894","page","type-page","status-publish","hentry","entry"],"_links":{"self":[{"href":"https:\/\/konzervatorbrno.eu\/klavirnikurzy\/wp-json\/wp\/v2\/pages\/894","targetHints":{"allow":["GET"]}}],"collection":[{"href":"https:\/\/konzervatorbrno.eu\/klavirnikurzy\/wp-json\/wp\/v2\/pages"}],"about":[{"href":"https:\/\/konzervatorbrno.eu\/klavirnikurzy\/wp-json\/wp\/v2\/types\/page"}],"author":[{"embeddable":true,"href":"https:\/\/konzervatorbrno.eu\/klavirnikurzy\/wp-json\/wp\/v2\/users\/4"}],"replies":[{"embeddable":true,"href":"https:\/\/konzervatorbrno.eu\/klavirnikurzy\/wp-json\/wp\/v2\/comments?post=894"}],"version-history":[{"count":1,"href":"https:\/\/konzervatorbrno.eu\/klavirnikurzy\/wp-json\/wp\/v2\/pages\/894\/revisions"}],"predecessor-version":[{"id":895,"href":"https:\/\/konzervatorbrno.eu\/klavirnikurzy\/wp-json\/wp\/v2\/pages\/894\/revisions\/895"}],"wp:attachment":[{"href":"https:\/\/konzervatorbrno.eu\/klavirnikurzy\/wp-json\/wp\/v2\/media?parent=894"}],"curies":[{"name":"wp","href":"https:\/\/api.w.org\/{rel}","templated":true}]}}