{"id":886,"date":"2021-03-29T15:29:12","date_gmt":"2021-03-29T13:29:12","guid":{"rendered":"https:\/\/klavirnikurzybrno.cz\/?page_id=886"},"modified":"2026-03-28T18:19:18","modified_gmt":"2026-03-28T17:19:18","slug":"mga-martin-fisl","status":"publish","type":"page","link":"https:\/\/konzervatorbrno.eu\/klavirnikurzy\/mga-martin-fisl\/","title":{"rendered":"MgA. Martin Fi\u0161l"},"content":{"rendered":"\n<div class=\"wp-block-media-text alignwide is-stacked-on-mobile is-vertically-aligned-top\" style=\"grid-template-columns:15% auto\"><figure class=\"wp-block-media-text__media\"><img loading=\"lazy\" decoding=\"async\" width=\"1024\" height=\"821\" src=\"https:\/\/konzervatorbrno.eu\/klavirnikurzy\/wp-content\/uploads\/2021\/03\/fisl_maritn-1024x821.jpg\" alt=\"\" class=\"wp-image-934 size-full\" srcset=\"https:\/\/konzervatorbrno.eu\/klavirnikurzy\/wp-content\/uploads\/2021\/03\/fisl_maritn-1024x821.jpg 1024w, https:\/\/konzervatorbrno.eu\/klavirnikurzy\/wp-content\/uploads\/2021\/03\/fisl_maritn-300x241.jpg 300w, https:\/\/konzervatorbrno.eu\/klavirnikurzy\/wp-content\/uploads\/2021\/03\/fisl_maritn-768x616.jpg 768w, https:\/\/konzervatorbrno.eu\/klavirnikurzy\/wp-content\/uploads\/2021\/03\/fisl_maritn-1536x1232.jpg 1536w, https:\/\/konzervatorbrno.eu\/klavirnikurzy\/wp-content\/uploads\/2021\/03\/fisl_maritn-2048x1642.jpg 2048w, https:\/\/konzervatorbrno.eu\/klavirnikurzy\/wp-content\/uploads\/2021\/03\/fisl_maritn-1568x1258.jpg 1568w\" sizes=\"auto, (max-width: 1024px) 100vw, 1024px\" \/><\/figure><div class=\"wp-block-media-text__content\">\n<p><strong>MgA. Martin Fi\u0161l<\/strong> z\u00edskal z\u00e1kladn\u00ed hudebn\u00ed vzd\u011bl\u00e1n\u00ed pod veden\u00edm PhDr. Ludmily Vlkov\u00e9 na ZU\u0160 V\u00edt\u011bzslavy Kapr\u00e1lov\u00e9. Absolvoval Konzervato\u0159 a Akademii m\u00fazick\u00fdch um\u011bn\u00ed v Praze, ve t\u0159\u00edd\u011b profesora Emila Leichnera.<\/p>\n\n\n\n<p>V roce 1996 se stal finalistou sv\u011btov\u00e9 klav\u00edrn\u00ed sout\u011b\u017ee v USA v Salt Lake City. V roce 2001 se z\u00fa\u010dastnil mezin\u00e1rodn\u00ed sout\u011b\u017ee Leo\u0161e Jan\u00e1\u010dka a z\u00edskal II. cenu a cenu za nejlep\u0161\u00ed interpretaci d\u00edla Bohuslava Martin\u016f. Od roku 2000 &#8211; 2014 pravideln\u011b koncertoval po Evrop\u011b (Meistersingerhalle), Kanad\u011b (Pollack Hall), USA (Winspear Performance Hall) a Asii jak se s\u00f3lov\u00fdm programem pro klav\u00edr a duo klav\u00edr-housle (s Jakubem Sedl\u00e1\u010dkem), tak s p\u011bveck\u00fdmi sbory.<\/p>\n\n\n\n<p>V sou\u010dasn\u00e9 dob\u011b se v\u011bnuje v\u00fduce klav\u00edrn\u00ed hry na ZU\u0160 V\u00edt\u011bzslavy Kapr\u00e1lov\u00e9 (\u00fasp\u011bchy v \u010desk\u00fdch a zahrani\u010dn\u00edch sout\u011b\u017e\u00edch: Amadeus, Pro Bohemia, Beethovenovy Teplice, \u00fast\u0159edn\u00ed kola sout\u011b\u017e\u00ed M\u0160MT, Grand Prize Virtuoso (Anglie), Odin (Estonsko), Moscow competition (Rusko), Concorso musica Insieme (It\u00e1lie), Merci Maestro (Belgie)&#8230; Konzervato\u0159i a JAMU (v Metodick\u00e9m centru).<\/p>\n<\/div><\/div>\n\n\n\n<p><\/p>\n","protected":false},"excerpt":{"rendered":"<p>MgA. Martin Fi\u0161l z\u00edskal z\u00e1kladn\u00ed hudebn\u00ed vzd\u011bl\u00e1n\u00ed pod veden\u00edm PhDr. Ludmily Vlkov\u00e9 na ZU\u0160 V\u00edt\u011bzslavy Kapr\u00e1lov\u00e9. Absolvoval Konzervato\u0159 a Akademii m\u00fazick\u00fdch um\u011bn\u00ed v Praze, ve t\u0159\u00edd\u011b profesora Emila Leichnera. V roce 1996 se stal finalistou sv\u011btov\u00e9 klav\u00edrn\u00ed sout\u011b\u017ee v USA v Salt Lake City. V roce 2001 se z\u00fa\u010dastnil mezin\u00e1rodn\u00ed sout\u011b\u017ee Leo\u0161e Jan\u00e1\u010dka a z\u00edskal&hellip; <a class=\"more-link\" href=\"https:\/\/konzervatorbrno.eu\/klavirnikurzy\/mga-martin-fisl\/\">Pokra\u010dovat ve\u00a0\u010dten\u00ed <span class=\"screen-reader-text\">MgA. Martin Fi\u0161l<\/span><\/a><\/p>\n","protected":false},"author":4,"featured_media":0,"parent":0,"menu_order":0,"comment_status":"closed","ping_status":"closed","template":"","meta":{"ngg_post_thumbnail":0,"footnotes":""},"class_list":["post-886","page","type-page","status-publish","hentry","entry"],"_links":{"self":[{"href":"https:\/\/konzervatorbrno.eu\/klavirnikurzy\/wp-json\/wp\/v2\/pages\/886","targetHints":{"allow":["GET"]}}],"collection":[{"href":"https:\/\/konzervatorbrno.eu\/klavirnikurzy\/wp-json\/wp\/v2\/pages"}],"about":[{"href":"https:\/\/konzervatorbrno.eu\/klavirnikurzy\/wp-json\/wp\/v2\/types\/page"}],"author":[{"embeddable":true,"href":"https:\/\/konzervatorbrno.eu\/klavirnikurzy\/wp-json\/wp\/v2\/users\/4"}],"replies":[{"embeddable":true,"href":"https:\/\/konzervatorbrno.eu\/klavirnikurzy\/wp-json\/wp\/v2\/comments?post=886"}],"version-history":[{"count":6,"href":"https:\/\/konzervatorbrno.eu\/klavirnikurzy\/wp-json\/wp\/v2\/pages\/886\/revisions"}],"predecessor-version":[{"id":11329,"href":"https:\/\/konzervatorbrno.eu\/klavirnikurzy\/wp-json\/wp\/v2\/pages\/886\/revisions\/11329"}],"wp:attachment":[{"href":"https:\/\/konzervatorbrno.eu\/klavirnikurzy\/wp-json\/wp\/v2\/media?parent=886"}],"curies":[{"name":"wp","href":"https:\/\/api.w.org\/{rel}","templated":true}]}}