{"id":879,"date":"2021-03-29T15:02:08","date_gmt":"2021-03-29T13:02:08","guid":{"rendered":"https:\/\/klavirnikurzybrno.cz\/?page_id=879"},"modified":"2021-03-29T15:02:08","modified_gmt":"2021-03-29T13:02:08","slug":"mga-petr-feldmann","status":"publish","type":"page","link":"https:\/\/konzervatorbrno.eu\/klavirnikurzy\/mga-petr-feldmann\/","title":{"rendered":"MgA. Petr Feldmann"},"content":{"rendered":"\n<div class=\"wp-block-media-text alignwide is-stacked-on-mobile is-vertically-aligned-top\" style=\"grid-template-columns:15% auto\"><figure class=\"wp-block-media-text__media\"><img loading=\"lazy\" decoding=\"async\" width=\"413\" height=\"531\" src=\"http:\/\/klavirnikurzybrno.cz\/wp-content\/uploads\/2021\/03\/feldmann.jpg\" alt=\"\" class=\"wp-image-386 size-full\" srcset=\"https:\/\/konzervatorbrno.eu\/klavirnikurzy\/wp-content\/uploads\/2021\/03\/feldmann.jpg 413w, https:\/\/konzervatorbrno.eu\/klavirnikurzy\/wp-content\/uploads\/2021\/03\/feldmann-233x300.jpg 233w\" sizes=\"auto, (max-width: 413px) 100vw, 413px\" \/><\/figure><div class=\"wp-block-media-text__content\">\n<p><strong>MgA. Petr Feldmann<\/strong> z\u00edskal z\u00e1kladn\u00ed hudebn\u00ed vzd\u011bl\u00e1n\u00ed na ZU\u0160 V\u00edt\u011bzslavy Kapr\u00e1lov\u00e9 pod veden\u00edm PhDr. Ludmily Vlkov\u00e9, n\u00e1sledn\u011b studoval na Konzervato\u0159i Brno pod veden\u00edm Mgr. Renaty Bialasov\u00e9, kde v r. 2009 absolvoval druh\u00fdm klav\u00edrn\u00edm koncertem Sergeje Rachmaninova se symfonick\u00fdm orchestrem Konzervato\u0159e Brno.<\/p>\n\n\n\n<p>2009 \u2013 2010 studoval na Ostravsk\u00e9 univerzit\u011b pod Veden\u00edm doc. Eli\u0161ky Novotn\u00e9 a Luk\u00e1\u0161e Michela, pot\u00e9 p\u0159estoupil na JAMU, kde studoval u doc. Daniely Velebov\u00e9, MgA. Heleny Such\u00e1rov\u00e9 \u2013 Weiser a MgA. Igora Arda\u0161eva. Jan\u00e1\u010dkovu akademii absolvoval v roce 2015.<\/p>\n\n\n\n<p>Pravideln\u011b koncertuje v r\u00e1mci Klubu moravsk\u00fdch skladatel\u016f. Koncertuje v r\u00e1mci Jiho\u010desk\u00fdch klav\u00edrn\u00edch kurz\u016f. Spolupracuje s \u010desk\u00fdmi s\u00f3listy. Pedagogicky p\u016fsob\u00ed na ZU\u0160 V\u00edt\u011bzslavy Kapr\u00e1lov\u00e9 a Konzervato\u0159i Brno. V\u011bnuje se komorn\u00ed h\u0159e a korepetic\u00edm, pravideln\u011b po\u0159\u00e1d\u00e1 samostatn\u00e9 recit\u00e1ly.<\/p>\n<\/div><\/div>\n","protected":false},"excerpt":{"rendered":"<p>MgA. Petr Feldmann z\u00edskal z\u00e1kladn\u00ed hudebn\u00ed vzd\u011bl\u00e1n\u00ed na ZU\u0160 V\u00edt\u011bzslavy Kapr\u00e1lov\u00e9 pod veden\u00edm PhDr. Ludmily Vlkov\u00e9, n\u00e1sledn\u011b studoval na Konzervato\u0159i Brno pod veden\u00edm Mgr. Renaty Bialasov\u00e9, kde v r. 2009 absolvoval druh\u00fdm klav\u00edrn\u00edm koncertem Sergeje Rachmaninova se symfonick\u00fdm orchestrem Konzervato\u0159e Brno. 2009 \u2013 2010 studoval na Ostravsk\u00e9 univerzit\u011b pod Veden\u00edm doc. Eli\u0161ky Novotn\u00e9 a Luk\u00e1\u0161e&hellip; <a class=\"more-link\" href=\"https:\/\/konzervatorbrno.eu\/klavirnikurzy\/mga-petr-feldmann\/\">Pokra\u010dovat ve\u00a0\u010dten\u00ed <span class=\"screen-reader-text\">MgA. Petr Feldmann<\/span><\/a><\/p>\n","protected":false},"author":4,"featured_media":0,"parent":0,"menu_order":0,"comment_status":"closed","ping_status":"closed","template":"","meta":{"ngg_post_thumbnail":0,"footnotes":""},"class_list":["post-879","page","type-page","status-publish","hentry","entry"],"_links":{"self":[{"href":"https:\/\/konzervatorbrno.eu\/klavirnikurzy\/wp-json\/wp\/v2\/pages\/879","targetHints":{"allow":["GET"]}}],"collection":[{"href":"https:\/\/konzervatorbrno.eu\/klavirnikurzy\/wp-json\/wp\/v2\/pages"}],"about":[{"href":"https:\/\/konzervatorbrno.eu\/klavirnikurzy\/wp-json\/wp\/v2\/types\/page"}],"author":[{"embeddable":true,"href":"https:\/\/konzervatorbrno.eu\/klavirnikurzy\/wp-json\/wp\/v2\/users\/4"}],"replies":[{"embeddable":true,"href":"https:\/\/konzervatorbrno.eu\/klavirnikurzy\/wp-json\/wp\/v2\/comments?post=879"}],"version-history":[{"count":1,"href":"https:\/\/konzervatorbrno.eu\/klavirnikurzy\/wp-json\/wp\/v2\/pages\/879\/revisions"}],"predecessor-version":[{"id":883,"href":"https:\/\/konzervatorbrno.eu\/klavirnikurzy\/wp-json\/wp\/v2\/pages\/879\/revisions\/883"}],"wp:attachment":[{"href":"https:\/\/konzervatorbrno.eu\/klavirnikurzy\/wp-json\/wp\/v2\/media?parent=879"}],"curies":[{"name":"wp","href":"https:\/\/api.w.org\/{rel}","templated":true}]}}