{"id":8,"date":"2021-03-23T20:11:18","date_gmt":"2021-03-23T19:11:18","guid":{"rendered":"http:\/\/klavirnikurzybrno.cz\/?page_id=8"},"modified":"2021-04-01T11:43:00","modified_gmt":"2021-04-01T09:43:00","slug":"kontakt","status":"publish","type":"page","link":"https:\/\/konzervatorbrno.eu\/klavirnikurzy\/kontakt\/","title":{"rendered":"Kontakt"},"content":{"rendered":"\n<h5 class=\"wp-block-heading\"><a href=\"https:\/\/konzervatorbrno.eu\/?page_id=1179&amp;uc=3\">Mgr. Inna Aslamas<\/a><\/h5>\n\n\n\n<p>E: <a href=\"mailto:inna.aslamas@konzervator.eu\">inna.aslamas@konzervator.eu<\/a><br>M: 608 344 797<\/p>\n\n\n\n<p>Kontakt na jednotliv\u00e9 pedagogy klav\u00edrn\u00edch kurz\u016f:\u00a0<a rel=\"noreferrer noopener\" href=\"mailto:jmeno.primeni@konzervator.eu\" target=\"_blank\">jmeno.primeni@konzervator.eu<\/a>\u00a0<\/p>\n\n\n\n<p>\n<iframe src=\"https:\/\/www.google.com\/maps\/embed?pb=!1m18!1m12!1m3!1d2606.794307687126!2d16.607893715913725!3d49.20446147932298!2m3!1f0!2f0!3f0!3m2!1i1024!2i768!4f13.1!3m3!1m2!1s0x4712945d0fe891f3%3A0x3d6b6e07bbf88126!2sKonzervato%C5%99%20Brno!5e0!3m2!1scs!2sus!4v1617107065153!5m2!1scs!2sus\" style=\"border:0;\" allowfullscreen=\"\" loading=\"lazy\" width=\"400\" height=\"300\"><\/iframe>\n<\/p>\n","protected":false},"excerpt":{"rendered":"<p>Mgr. Inna Aslamas E: inna.aslamas@konzervator.euM: 608 344 797 Kontakt na jednotliv\u00e9 pedagogy klav\u00edrn\u00edch kurz\u016f:\u00a0jmeno.primeni@konzervator.eu\u00a0<\/p>\n","protected":false},"author":4,"featured_media":0,"parent":0,"menu_order":0,"comment_status":"closed","ping_status":"closed","template":"","meta":{"ngg_post_thumbnail":0,"footnotes":""},"class_list":["post-8","page","type-page","status-publish","hentry","entry"],"_links":{"self":[{"href":"https:\/\/konzervatorbrno.eu\/klavirnikurzy\/wp-json\/wp\/v2\/pages\/8","targetHints":{"allow":["GET"]}}],"collection":[{"href":"https:\/\/konzervatorbrno.eu\/klavirnikurzy\/wp-json\/wp\/v2\/pages"}],"about":[{"href":"https:\/\/konzervatorbrno.eu\/klavirnikurzy\/wp-json\/wp\/v2\/types\/page"}],"author":[{"embeddable":true,"href":"https:\/\/konzervatorbrno.eu\/klavirnikurzy\/wp-json\/wp\/v2\/users\/4"}],"replies":[{"embeddable":true,"href":"https:\/\/konzervatorbrno.eu\/klavirnikurzy\/wp-json\/wp\/v2\/comments?post=8"}],"version-history":[{"count":14,"href":"https:\/\/konzervatorbrno.eu\/klavirnikurzy\/wp-json\/wp\/v2\/pages\/8\/revisions"}],"predecessor-version":[{"id":1077,"href":"https:\/\/konzervatorbrno.eu\/klavirnikurzy\/wp-json\/wp\/v2\/pages\/8\/revisions\/1077"}],"wp:attachment":[{"href":"https:\/\/konzervatorbrno.eu\/klavirnikurzy\/wp-json\/wp\/v2\/media?parent=8"}],"curies":[{"name":"wp","href":"https:\/\/api.w.org\/{rel}","templated":true}]}}