{"id":432,"date":"2021-03-27T13:30:59","date_gmt":"2021-03-27T12:30:59","guid":{"rendered":"https:\/\/klavirnikurzybrno.cz\/?page_id=432"},"modified":"2021-03-31T14:14:15","modified_gmt":"2021-03-31T12:14:15","slug":"inna-aslamas","status":"publish","type":"page","link":"https:\/\/konzervatorbrno.eu\/klavirnikurzy\/inna-aslamas\/","title":{"rendered":"Mgr. Inna Aslamas"},"content":{"rendered":"\n<div class=\"wp-block-media-text alignwide is-stacked-on-mobile is-style-default\" style=\"grid-template-columns:15% auto\"><figure class=\"wp-block-media-text__media\"><img loading=\"lazy\" decoding=\"async\" width=\"666\" height=\"1066\" src=\"https:\/\/konzervatorbrno.eu\/klavirnikurzy\/wp-content\/uploads\/2021\/03\/inna-edited.jpg\" alt=\"\" class=\"wp-image-371 size-full\" srcset=\"https:\/\/konzervatorbrno.eu\/klavirnikurzy\/wp-content\/uploads\/2021\/03\/inna-edited.jpg 666w, https:\/\/konzervatorbrno.eu\/klavirnikurzy\/wp-content\/uploads\/2021\/03\/inna-edited-187x300.jpg 187w, https:\/\/konzervatorbrno.eu\/klavirnikurzy\/wp-content\/uploads\/2021\/03\/inna-edited-640x1024.jpg 640w\" sizes=\"auto, (max-width: 666px) 100vw, 666px\" \/><\/figure><div class=\"wp-block-media-text__content\">\n<p class=\"has-normal-font-size\"><strong>Mgr. Inna Aslamas<\/strong> se narodila v obci Penza v Rusku. Nav\u0161t\u011bvovala hudebn\u00ed \u0161kolu v Kazani a po absolutoriu Kaza\u0148sk\u00e9 Hudebn\u00ed Akademii p\u016fsobila jako profesorka na hudebn\u00edm gymn\u00e1ziu v \u010ceboksarech. Uplatnila se jako s\u00f3listka i \u010dlenka r\u016fzn\u00fdch komorn\u00edch soubor\u016f. Nahr\u00e1vala pro ruskou televizi a rozhlas reperto\u00e1r \u0161irok\u00e9ho stylov\u00e9ho z\u00e1b\u011bru.<\/p>\n\n\n\n<p class=\"has-normal-font-size\">V roce 1994 se p\u0159est\u011bhovala do \u010cesk\u00e9 republiky, kde ji\u017e byla n\u011bkolikr\u00e1t ocen\u011bna za klav\u00edrn\u00ed spolupr\u00e1c\u00ed na interpreta\u010dn\u00edch kursech, sout\u011b\u017e\u00edch a mezin\u00e1rodn\u00edch festivalech.Tak\u00e9 se v\u011bnuje \u010dty\u0159ru\u010dn\u00ed h\u0159e.<\/p>\n\n\n\n<p class=\"has-normal-font-size\">Od roku 1997 je profesorkou brn\u011bnsk\u00e9 konzervato\u0159e.<\/p>\n<\/div><\/div>\n\n\n\n<p class=\"has-small-font-size\"><\/p>\n\n\n\n<p class=\"has-small-font-size\"><\/p>\n","protected":false},"excerpt":{"rendered":"<p>Mgr. Inna Aslamas se narodila v obci Penza v Rusku. Nav\u0161t\u011bvovala hudebn\u00ed \u0161kolu v Kazani a po absolutoriu Kaza\u0148sk\u00e9 Hudebn\u00ed Akademii p\u016fsobila jako profesorka na hudebn\u00edm gymn\u00e1ziu v \u010ceboksarech. Uplatnila se jako s\u00f3listka i \u010dlenka r\u016fzn\u00fdch komorn\u00edch soubor\u016f. Nahr\u00e1vala pro ruskou televizi a rozhlas reperto\u00e1r \u0161irok\u00e9ho stylov\u00e9ho z\u00e1b\u011bru. V roce 1994 se p\u0159est\u011bhovala do \u010cesk\u00e9&hellip; <a class=\"more-link\" href=\"https:\/\/konzervatorbrno.eu\/klavirnikurzy\/inna-aslamas\/\">Pokra\u010dovat ve\u00a0\u010dten\u00ed <span class=\"screen-reader-text\">Mgr. Inna Aslamas<\/span><\/a><\/p>\n","protected":false},"author":4,"featured_media":0,"parent":0,"menu_order":0,"comment_status":"closed","ping_status":"closed","template":"","meta":{"ngg_post_thumbnail":0,"footnotes":""},"class_list":["post-432","page","type-page","status-publish","hentry","entry"],"_links":{"self":[{"href":"https:\/\/konzervatorbrno.eu\/klavirnikurzy\/wp-json\/wp\/v2\/pages\/432","targetHints":{"allow":["GET"]}}],"collection":[{"href":"https:\/\/konzervatorbrno.eu\/klavirnikurzy\/wp-json\/wp\/v2\/pages"}],"about":[{"href":"https:\/\/konzervatorbrno.eu\/klavirnikurzy\/wp-json\/wp\/v2\/types\/page"}],"author":[{"embeddable":true,"href":"https:\/\/konzervatorbrno.eu\/klavirnikurzy\/wp-json\/wp\/v2\/users\/4"}],"replies":[{"embeddable":true,"href":"https:\/\/konzervatorbrno.eu\/klavirnikurzy\/wp-json\/wp\/v2\/comments?post=432"}],"version-history":[{"count":9,"href":"https:\/\/konzervatorbrno.eu\/klavirnikurzy\/wp-json\/wp\/v2\/pages\/432\/revisions"}],"predecessor-version":[{"id":979,"href":"https:\/\/konzervatorbrno.eu\/klavirnikurzy\/wp-json\/wp\/v2\/pages\/432\/revisions\/979"}],"wp:attachment":[{"href":"https:\/\/konzervatorbrno.eu\/klavirnikurzy\/wp-json\/wp\/v2\/media?parent=432"}],"curies":[{"name":"wp","href":"https:\/\/api.w.org\/{rel}","templated":true}]}}