{"id":34,"date":"2021-03-23T20:37:46","date_gmt":"2021-03-23T19:37:46","guid":{"rendered":"http:\/\/klavirnikurzybrno.cz\/?page_id=34"},"modified":"2026-03-28T19:00:10","modified_gmt":"2026-03-28T18:00:10","slug":"prihlaska","status":"publish","type":"page","link":"https:\/\/konzervatorbrno.eu\/klavirnikurzy\/prihlaska\/","title":{"rendered":"P\u0158IHL\u00c1\u0160KA"},"content":{"rendered":"\n<div class=\"wp-block-group\"><div class=\"wp-block-group__inner-container is-layout-constrained wp-block-group-is-layout-constrained\">\n<div class=\"wp-block-columns is-style-default is-layout-flex wp-container-core-columns-is-layout-9d6595d7 wp-block-columns-is-layout-flex\">\n<div class=\"wp-block-column is-layout-flow wp-block-column-is-layout-flow\">\n<div class=\"wp-block-buttons alignwide is-content-justification-center is-layout-flex wp-container-core-buttons-is-layout-16018d1d wp-block-buttons-is-layout-flex\">\n<div class=\"wp-block-button\"><a class=\"wp-block-button__link has-background has-text-align-center wp-element-button\" href=\"https:\/\/konzervatorbrno.eu\/bkk\/\" style=\"border-radius:100px;background-color:#dc8a0f\">P\u0158IHL\u00c1\u0160KA 2026 ZDE<\/a><\/div>\n<\/div>\n\n\n\n<p><strong>Aktivn\u00ed \u00fa\u010dastn\u00edk<\/strong> (4500 K\u010d) &#8211; m\u00e1 n\u00e1rok na \u00fa\u010dast v cel\u00e9m programu kurz\u016f v\u010detn\u011b individu\u00e1ln\u00edch klav\u00edrn\u00edch lekc\u00ed.&nbsp;<\/p>\n\n\n\n<p><strong>V\u00fduka v ciz\u00edm jazyce <\/strong>(5000 K\u010d)<\/p>\n\n\n\n<p><strong>Pasivn\u00ed \u00fa\u010dastn\u00edk\/DVPP<\/strong> (2500 K\u010d) \u2013 m\u00e1 n\u00e1rok na \u00fa\u010dast v cel\u00e9m programu kurz\u016f v\u010detn\u011b n\u00e1slechu individu\u00e1ln\u00edch klav\u00edrn\u00edch lekc\u00ed. <strong>Vhodn\u00e9 pro pedagogy ZU\u0160, kte\u0159\u00ed mohou \u017e\u00e1dat sv\u00e9 zam\u011bstnavatele o proplacen\u00ed v r\u00e1mci DVPP.<\/strong>&nbsp;<\/p>\n\n\n\n<p><strong>Doprovod<\/strong> (900 K\u010d) \u2013 upozor\u0148ujeme, \u017ee za nezletil\u00e9 \u00fa\u010dastn\u00edky nemohou organiz\u00e1to\u0159i p\u0159eb\u00edrat zodpov\u011bdnost, proto je pot\u0159ebn\u00fd dosp\u011bl\u00fd doprovod, m\u016f\u017ee to b\u00fdt t\u00e9\u017e pasivn\u00ed \u00fa\u010dastn\u00edk. Doprovod m\u00e1 n\u00e1rok z\u00fa\u010dastnit se v\u0161ech akc\u00ed festivalu \u201e\u010cty\u0159i setk\u00e1n\u00ed s\u202fhudbou 2026\u201c.<\/p>\n\n\n\n<p>Nav\u00edc pro z\u00e1jemce: <strong>&#8222;Varhany na zkou\u0161ku&#8220; nebo tak\u00e9&nbsp;<\/strong> <strong>&#8222;Cembalo na zkou\u0161ku&#8220;<\/strong> &#8211; jedna hodina ve skupin\u011b po dvou \u00fa\u010dastn\u00edc\u00edch&nbsp; s profesorem varhan\/cembala: 250 K\u010d.<\/p>\n\n\n\n<p><strong>Ob\u011bdy ve \u0161koln\u00ed j\u00eddeln\u011b<\/strong> (750 K\u010d) &#8211; 5x ob\u011bd, v\u00fdb\u011br ze t\u0159\u00ed j\u00eddel, bezmas\u00e9, bezlepkov\u00e9. <a href=\"https:\/\/konzervatorbrno.eu\/klavirnikurzy\/wp-content\/uploads\/2026\/03\/JIDELNI-LISTEK-KURZY.pdf\">J\u00eddeln\u00ed\u010dek zde (zm\u011bny vyhrazeny!).<\/a> Objedn\u00e1v\u00e1te v p\u0159ihl\u00e1\u0161ce. <strong>K platb\u011b kurzovn\u00e9ho a ob\u011bd\u016f budete vyzv\u00e1ni emailem<\/strong>.<\/p>\n\n\n\n<p><strong>Ubytov\u00e1n\u00ed Petrinum<\/strong><\/p>\n\n\n\n<p><strong>ned\u011ble 23. 8. \u2013 sobota 29. 8. 2026<\/strong><br>\u2013 Ubytov\u00e1n\u00ed na b\u011b\u017en\u00e9m studentsk\u00e9m pokoji (2-3 l\u016f\u017ekov\u00e9m), se spole\u010dn\u00fdm soci\u00e1ln\u00edm za\u0159\u00edzen\u00edm (mu\u017ei \/ \u017eeny zvl\u00e1\u0161\u0165) a kuchy\u0148kou na pat\u0159e.<br>\u2013 Cena za 6 noc\u00ed se sn\u00eddan\u00ed 2700 K\u010d.<em>&nbsp;<\/em><br>\u2013 Na pokoji l\u016f\u017ekoviny, k dispozici lednice. N\u00e1dob\u00ed lze zap\u016fj\u010dit dle pot\u0159eby.<br>\u2013 Host dostane sv\u016fj kl\u00ed\u010d od pokoje. Wifi p\u0159ipojen\u00ed v cel\u00e9 budov\u011b.<br>\u2013 N\u00e1stup na domov 23. 8. po 15. hodin\u011b a ukon\u010den\u00ed v sobotu 29.8. \u2013 pokoje do 9 hodin a cel\u00e1 budova do 16 hodin.<br>\u2013 Vr\u00e1tnice je otev\u0159ena od 6:30 do 23:00 hodin (jinak dle domluvy se spr\u00e1vcem \u2013 tel. 731 402 682).<br>\u2013 Ve\u010dern\u00ed klid 22:00 \u2013 7:00 hodin.<br>\u2013 Sn\u00eddan\u011b: 70 K\u010d \u2013 M\u016f\u017eete op\u011bt po\u010d\u00edtat i s bezlepkovou sn\u00eddan\u00ed. Sn\u00eddan\u011b od 7:30 hodin.<br>\u2013 Parkov\u00e1n\u00ed na n\u00e1dvo\u0159\u00ed: 100 K\u010d\/auto\/den \u2013 pouze po domluv\u011b.<br>\u2013 D\u011bti do 2 let (bez n\u00e1roku na l\u016f\u017eko) hrad\u00ed re\u017eijn\u00ed poplatek 100 K\u010d\/noc. (Poplatek z pobytu MM Brna \u2013 40 K\u010d\/os\/noc \u2013 star\u0161\u00ed 18 let).<br>\u2013 Storno: 30&lt; dn\u016f = 0,-K\u010d; 14 &gt; dn\u016f = 50%; 7 &gt; dn\u016f = 100%.<\/p>\n\n\n\n<p><br><strong>Platebn\u00ed \u00fadaje<\/strong> (pouze pro platby ubytov\u00e1n\u00ed):<br>\u010d. \u00fa\u010dtu: 389 411 931 \/ 2250<br>VARIABILN\u00cd SYMBOL: 20260823<br>ZPR\u00c1VA PRO P\u0158\u00cdJEMCE: Kurzy \u2013 p\u0159\u00edjmen\u00ed a jm\u00e9no<\/p>\n<\/div>\n<\/div>\n<\/div><\/div>\n\n\n\n<figure class=\"wp-block-gallery has-nested-images columns-default is-cropped wp-block-gallery-1 is-layout-flex wp-block-gallery-is-layout-flex\">\n<figure data-wp-context=\"{&quot;imageId&quot;:&quot;69ed2353a522c&quot;}\" data-wp-interactive=\"core\/image\" data-wp-key=\"69ed2353a522c\" class=\"wp-block-image size-large is-style-twentytwentyone-border wp-lightbox-container\"><img loading=\"lazy\" decoding=\"async\" width=\"1024\" height=\"576\" data-wp-class--hide=\"state.isContentHidden\" data-wp-class--show=\"state.isContentVisible\" data-wp-init=\"callbacks.setButtonStyles\" data-wp-on--click=\"actions.showLightbox\" data-wp-on--load=\"callbacks.setButtonStyles\" data-wp-on-window--resize=\"callbacks.setButtonStyles\" data-id=\"1181\" src=\"https:\/\/konzervatorbrno.eu\/klavirnikurzy\/wp-content\/uploads\/2021\/09\/1-04-a-1024x576.jpg\" alt=\"\" class=\"wp-image-1181\" srcset=\"https:\/\/konzervatorbrno.eu\/klavirnikurzy\/wp-content\/uploads\/2021\/09\/1-04-a-1024x576.jpg 1024w, https:\/\/konzervatorbrno.eu\/klavirnikurzy\/wp-content\/uploads\/2021\/09\/1-04-a-300x169.jpg 300w, https:\/\/konzervatorbrno.eu\/klavirnikurzy\/wp-content\/uploads\/2021\/09\/1-04-a-768x432.jpg 768w, https:\/\/konzervatorbrno.eu\/klavirnikurzy\/wp-content\/uploads\/2021\/09\/1-04-a-1536x864.jpg 1536w, https:\/\/konzervatorbrno.eu\/klavirnikurzy\/wp-content\/uploads\/2021\/09\/1-04-a-2048x1152.jpg 2048w, https:\/\/konzervatorbrno.eu\/klavirnikurzy\/wp-content\/uploads\/2021\/09\/1-04-a-1568x882.jpg 1568w\" sizes=\"auto, (max-width: 1024px) 100vw, 1024px\" \/><button\n\t\t\tclass=\"lightbox-trigger\"\n\t\t\ttype=\"button\"\n\t\t\taria-haspopup=\"dialog\"\n\t\t\taria-label=\"Zv\u011bt\u0161it\"\n\t\t\tdata-wp-init=\"callbacks.initTriggerButton\"\n\t\t\tdata-wp-on--click=\"actions.showLightbox\"\n\t\t\tdata-wp-style--right=\"state.imageButtonRight\"\n\t\t\tdata-wp-style--top=\"state.imageButtonTop\"\n\t\t>\n\t\t\t<svg xmlns=\"http:\/\/www.w3.org\/2000\/svg\" width=\"12\" height=\"12\" fill=\"none\" viewBox=\"0 0 12 12\">\n\t\t\t\t<path fill=\"#fff\" d=\"M2 0a2 2 0 0 0-2 2v2h1.5V2a.5.5 0 0 1 .5-.5h2V0H2Zm2 10.5H2a.5.5 0 0 1-.5-.5V8H0v2a2 2 0 0 0 2 2h2v-1.5ZM8 12v-1.5h2a.5.5 0 0 0 .5-.5V8H12v2a2 2 0 0 1-2 2H8Zm2-12a2 2 0 0 1 2 2v2h-1.5V2a.5.5 0 0 0-.5-.5H8V0h2Z\" \/>\n\t\t\t<\/svg>\n\t\t<\/button><\/figure>\n\n\n\n<figure data-wp-context=\"{&quot;imageId&quot;:&quot;69ed2353a5ab3&quot;}\" data-wp-interactive=\"core\/image\" data-wp-key=\"69ed2353a5ab3\" class=\"wp-block-image size-large is-style-twentytwentyone-border wp-lightbox-container\"><img loading=\"lazy\" decoding=\"async\" width=\"1024\" height=\"576\" data-wp-class--hide=\"state.isContentHidden\" data-wp-class--show=\"state.isContentVisible\" data-wp-init=\"callbacks.setButtonStyles\" data-wp-on--click=\"actions.showLightbox\" data-wp-on--load=\"callbacks.setButtonStyles\" data-wp-on-window--resize=\"callbacks.setButtonStyles\" data-id=\"998\" src=\"https:\/\/konzervatorbrno.eu\/klavirnikurzy\/wp-content\/uploads\/2021\/03\/soboty-4-1024x576.jpg\" alt=\"\" class=\"wp-image-998\" srcset=\"https:\/\/konzervatorbrno.eu\/klavirnikurzy\/wp-content\/uploads\/2021\/03\/soboty-4-1024x576.jpg 1024w, https:\/\/konzervatorbrno.eu\/klavirnikurzy\/wp-content\/uploads\/2021\/03\/soboty-4-300x169.jpg 300w, https:\/\/konzervatorbrno.eu\/klavirnikurzy\/wp-content\/uploads\/2021\/03\/soboty-4-768x432.jpg 768w, https:\/\/konzervatorbrno.eu\/klavirnikurzy\/wp-content\/uploads\/2021\/03\/soboty-4-1536x864.jpg 1536w, https:\/\/konzervatorbrno.eu\/klavirnikurzy\/wp-content\/uploads\/2021\/03\/soboty-4-1568x882.jpg 1568w, https:\/\/konzervatorbrno.eu\/klavirnikurzy\/wp-content\/uploads\/2021\/03\/soboty-4.jpg 2048w\" sizes=\"auto, (max-width: 1024px) 100vw, 1024px\" \/><button\n\t\t\tclass=\"lightbox-trigger\"\n\t\t\ttype=\"button\"\n\t\t\taria-haspopup=\"dialog\"\n\t\t\taria-label=\"Zv\u011bt\u0161it\"\n\t\t\tdata-wp-init=\"callbacks.initTriggerButton\"\n\t\t\tdata-wp-on--click=\"actions.showLightbox\"\n\t\t\tdata-wp-style--right=\"state.imageButtonRight\"\n\t\t\tdata-wp-style--top=\"state.imageButtonTop\"\n\t\t>\n\t\t\t<svg xmlns=\"http:\/\/www.w3.org\/2000\/svg\" width=\"12\" height=\"12\" fill=\"none\" viewBox=\"0 0 12 12\">\n\t\t\t\t<path fill=\"#fff\" d=\"M2 0a2 2 0 0 0-2 2v2h1.5V2a.5.5 0 0 1 .5-.5h2V0H2Zm2 10.5H2a.5.5 0 0 1-.5-.5V8H0v2a2 2 0 0 0 2 2h2v-1.5ZM8 12v-1.5h2a.5.5 0 0 0 .5-.5V8H12v2a2 2 0 0 1-2 2H8Zm2-12a2 2 0 0 1 2 2v2h-1.5V2a.5.5 0 0 0-.5-.5H8V0h2Z\" \/>\n\t\t\t<\/svg>\n\t\t<\/button><\/figure>\n\n\n\n<figure data-wp-context=\"{&quot;imageId&quot;:&quot;69ed2353a6026&quot;}\" data-wp-interactive=\"core\/image\" data-wp-key=\"69ed2353a6026\" class=\"wp-block-image size-large is-style-twentytwentyone-border wp-lightbox-container\"><img loading=\"lazy\" decoding=\"async\" width=\"1024\" height=\"576\" data-wp-class--hide=\"state.isContentHidden\" data-wp-class--show=\"state.isContentVisible\" data-wp-init=\"callbacks.setButtonStyles\" data-wp-on--click=\"actions.showLightbox\" data-wp-on--load=\"callbacks.setButtonStyles\" data-wp-on-window--resize=\"callbacks.setButtonStyles\" data-id=\"1175\" src=\"https:\/\/konzervatorbrno.eu\/klavirnikurzy\/wp-content\/uploads\/2021\/09\/1-01-a-1024x576.jpg\" alt=\"\" class=\"wp-image-1175\" srcset=\"https:\/\/konzervatorbrno.eu\/klavirnikurzy\/wp-content\/uploads\/2021\/09\/1-01-a-1024x576.jpg 1024w, https:\/\/konzervatorbrno.eu\/klavirnikurzy\/wp-content\/uploads\/2021\/09\/1-01-a-300x169.jpg 300w, https:\/\/konzervatorbrno.eu\/klavirnikurzy\/wp-content\/uploads\/2021\/09\/1-01-a-768x432.jpg 768w, https:\/\/konzervatorbrno.eu\/klavirnikurzy\/wp-content\/uploads\/2021\/09\/1-01-a-1536x864.jpg 1536w, https:\/\/konzervatorbrno.eu\/klavirnikurzy\/wp-content\/uploads\/2021\/09\/1-01-a-2048x1152.jpg 2048w, https:\/\/konzervatorbrno.eu\/klavirnikurzy\/wp-content\/uploads\/2021\/09\/1-01-a-1568x882.jpg 1568w\" sizes=\"auto, (max-width: 1024px) 100vw, 1024px\" \/><button\n\t\t\tclass=\"lightbox-trigger\"\n\t\t\ttype=\"button\"\n\t\t\taria-haspopup=\"dialog\"\n\t\t\taria-label=\"Zv\u011bt\u0161it\"\n\t\t\tdata-wp-init=\"callbacks.initTriggerButton\"\n\t\t\tdata-wp-on--click=\"actions.showLightbox\"\n\t\t\tdata-wp-style--right=\"state.imageButtonRight\"\n\t\t\tdata-wp-style--top=\"state.imageButtonTop\"\n\t\t>\n\t\t\t<svg xmlns=\"http:\/\/www.w3.org\/2000\/svg\" width=\"12\" height=\"12\" fill=\"none\" viewBox=\"0 0 12 12\">\n\t\t\t\t<path fill=\"#fff\" d=\"M2 0a2 2 0 0 0-2 2v2h1.5V2a.5.5 0 0 1 .5-.5h2V0H2Zm2 10.5H2a.5.5 0 0 1-.5-.5V8H0v2a2 2 0 0 0 2 2h2v-1.5ZM8 12v-1.5h2a.5.5 0 0 0 .5-.5V8H12v2a2 2 0 0 1-2 2H8Zm2-12a2 2 0 0 1 2 2v2h-1.5V2a.5.5 0 0 0-.5-.5H8V0h2Z\" \/>\n\t\t\t<\/svg>\n\t\t<\/button><\/figure>\n<\/figure>\n\n\n\n<hr class=\"wp-block-separator has-alpha-channel-opacity\"\/>\n\n\n\n<figure class=\"wp-block-gallery has-nested-images columns-default is-cropped wp-block-gallery-2 is-layout-flex wp-block-gallery-is-layout-flex\">\n<figure data-wp-context=\"{&quot;imageId&quot;:&quot;69ed2353a6638&quot;}\" data-wp-interactive=\"core\/image\" data-wp-key=\"69ed2353a6638\" class=\"wp-block-image size-large is-style-twentytwentyone-border wp-lightbox-container\"><img loading=\"lazy\" decoding=\"async\" width=\"1024\" height=\"683\" data-wp-class--hide=\"state.isContentHidden\" data-wp-class--show=\"state.isContentVisible\" data-wp-init=\"callbacks.setButtonStyles\" data-wp-on--click=\"actions.showLightbox\" data-wp-on--load=\"callbacks.setButtonStyles\" data-wp-on-window--resize=\"callbacks.setButtonStyles\" data-id=\"2043\" src=\"https:\/\/konzervatorbrno.eu\/klavirnikurzy\/wp-content\/uploads\/2022\/09\/klavirni_kurzy_2022_245-1024x683.jpg\" alt=\"\" class=\"wp-image-2043\" srcset=\"https:\/\/konzervatorbrno.eu\/klavirnikurzy\/wp-content\/uploads\/2022\/09\/klavirni_kurzy_2022_245-1024x683.jpg 1024w, https:\/\/konzervatorbrno.eu\/klavirnikurzy\/wp-content\/uploads\/2022\/09\/klavirni_kurzy_2022_245-300x200.jpg 300w, https:\/\/konzervatorbrno.eu\/klavirnikurzy\/wp-content\/uploads\/2022\/09\/klavirni_kurzy_2022_245-768x512.jpg 768w, https:\/\/konzervatorbrno.eu\/klavirnikurzy\/wp-content\/uploads\/2022\/09\/klavirni_kurzy_2022_245-1536x1024.jpg 1536w, https:\/\/konzervatorbrno.eu\/klavirnikurzy\/wp-content\/uploads\/2022\/09\/klavirni_kurzy_2022_245-2048x1365.jpg 2048w, https:\/\/konzervatorbrno.eu\/klavirnikurzy\/wp-content\/uploads\/2022\/09\/klavirni_kurzy_2022_245-1568x1045.jpg 1568w\" sizes=\"auto, (max-width: 1024px) 100vw, 1024px\" \/><button\n\t\t\tclass=\"lightbox-trigger\"\n\t\t\ttype=\"button\"\n\t\t\taria-haspopup=\"dialog\"\n\t\t\taria-label=\"Zv\u011bt\u0161it\"\n\t\t\tdata-wp-init=\"callbacks.initTriggerButton\"\n\t\t\tdata-wp-on--click=\"actions.showLightbox\"\n\t\t\tdata-wp-style--right=\"state.imageButtonRight\"\n\t\t\tdata-wp-style--top=\"state.imageButtonTop\"\n\t\t>\n\t\t\t<svg xmlns=\"http:\/\/www.w3.org\/2000\/svg\" width=\"12\" height=\"12\" fill=\"none\" viewBox=\"0 0 12 12\">\n\t\t\t\t<path fill=\"#fff\" d=\"M2 0a2 2 0 0 0-2 2v2h1.5V2a.5.5 0 0 1 .5-.5h2V0H2Zm2 10.5H2a.5.5 0 0 1-.5-.5V8H0v2a2 2 0 0 0 2 2h2v-1.5ZM8 12v-1.5h2a.5.5 0 0 0 .5-.5V8H12v2a2 2 0 0 1-2 2H8Zm2-12a2 2 0 0 1 2 2v2h-1.5V2a.5.5 0 0 0-.5-.5H8V0h2Z\" \/>\n\t\t\t<\/svg>\n\t\t<\/button><\/figure>\n<\/figure>\n","protected":false},"excerpt":{"rendered":"<p>Aktivn\u00ed \u00fa\u010dastn\u00edk (4500 K\u010d) &#8211; m\u00e1 n\u00e1rok na \u00fa\u010dast v cel\u00e9m programu kurz\u016f v\u010detn\u011b individu\u00e1ln\u00edch klav\u00edrn\u00edch lekc\u00ed.&nbsp; V\u00fduka v ciz\u00edm jazyce (5000 K\u010d) Pasivn\u00ed \u00fa\u010dastn\u00edk\/DVPP (2500 K\u010d) \u2013 m\u00e1 n\u00e1rok na \u00fa\u010dast v cel\u00e9m programu kurz\u016f v\u010detn\u011b n\u00e1slechu individu\u00e1ln\u00edch klav\u00edrn\u00edch lekc\u00ed. Vhodn\u00e9 pro pedagogy ZU\u0160, kte\u0159\u00ed mohou \u017e\u00e1dat sv\u00e9 zam\u011bstnavatele o proplacen\u00ed v r\u00e1mci DVPP.&nbsp;&hellip; <a class=\"more-link\" href=\"https:\/\/konzervatorbrno.eu\/klavirnikurzy\/prihlaska\/\">Pokra\u010dovat ve\u00a0\u010dten\u00ed <span class=\"screen-reader-text\">P\u0158IHL\u00c1\u0160KA<\/span><\/a><\/p>\n","protected":false},"author":4,"featured_media":0,"parent":0,"menu_order":0,"comment_status":"closed","ping_status":"closed","template":"","meta":{"ngg_post_thumbnail":0,"footnotes":""},"class_list":["post-34","page","type-page","status-publish","hentry","entry"],"_links":{"self":[{"href":"https:\/\/konzervatorbrno.eu\/klavirnikurzy\/wp-json\/wp\/v2\/pages\/34","targetHints":{"allow":["GET"]}}],"collection":[{"href":"https:\/\/konzervatorbrno.eu\/klavirnikurzy\/wp-json\/wp\/v2\/pages"}],"about":[{"href":"https:\/\/konzervatorbrno.eu\/klavirnikurzy\/wp-json\/wp\/v2\/types\/page"}],"author":[{"embeddable":true,"href":"https:\/\/konzervatorbrno.eu\/klavirnikurzy\/wp-json\/wp\/v2\/users\/4"}],"replies":[{"embeddable":true,"href":"https:\/\/konzervatorbrno.eu\/klavirnikurzy\/wp-json\/wp\/v2\/comments?post=34"}],"version-history":[{"count":137,"href":"https:\/\/konzervatorbrno.eu\/klavirnikurzy\/wp-json\/wp\/v2\/pages\/34\/revisions"}],"predecessor-version":[{"id":11342,"href":"https:\/\/konzervatorbrno.eu\/klavirnikurzy\/wp-json\/wp\/v2\/pages\/34\/revisions\/11342"}],"wp:attachment":[{"href":"https:\/\/konzervatorbrno.eu\/klavirnikurzy\/wp-json\/wp\/v2\/media?parent=34"}],"curies":[{"name":"wp","href":"https:\/\/api.w.org\/{rel}","templated":true}]}}