{"id":31,"date":"2021-03-23T20:37:46","date_gmt":"2021-03-23T19:37:46","guid":{"rendered":"http:\/\/klavirnikurzybrno.cz\/?page_id=31"},"modified":"2026-04-15T20:52:47","modified_gmt":"2026-04-15T18:52:47","slug":"organizace","status":"publish","type":"page","link":"https:\/\/konzervatorbrno.eu\/klavirnikurzy\/","title":{"rendered":"Organizace"},"content":{"rendered":"\n<div class=\"wp-block-columns is-layout-flex wp-container-core-columns-is-layout-9d6595d7 wp-block-columns-is-layout-flex\">\n<div class=\"wp-block-column is-layout-flow wp-block-column-is-layout-flow\">\n<p class=\"has-text-align-center\"><strong>\u0158EDITELKA KURZ\u016e<\/strong><\/p>\n\n\n\n<figure class=\"wp-block-image size-large\"><img loading=\"lazy\" decoding=\"async\" width=\"640\" height=\"1024\" src=\"http:\/\/klavirnikurzybrno.cz\/wp-content\/uploads\/2021\/03\/inna-edited-640x1024.jpg\" alt=\"\" class=\"wp-image-371\" srcset=\"https:\/\/konzervatorbrno.eu\/klavirnikurzy\/wp-content\/uploads\/2021\/03\/inna-edited-640x1024.jpg 640w, https:\/\/konzervatorbrno.eu\/klavirnikurzy\/wp-content\/uploads\/2021\/03\/inna-edited-187x300.jpg 187w, https:\/\/konzervatorbrno.eu\/klavirnikurzy\/wp-content\/uploads\/2021\/03\/inna-edited.jpg 666w\" sizes=\"auto, (max-width: 640px) 100vw, 640px\" \/><figcaption class=\"wp-element-caption\">Mgr. Inna Aslamas<\/figcaption><\/figure>\n<\/div>\n\n\n\n<div class=\"wp-block-column is-layout-flow wp-block-column-is-layout-flow\">\n<p class=\"has-text-align-center\"><strong>ORGANIZA\u010cN\u00cd \u00daDAJE<\/strong><\/p>\n\n\n\n<p class=\"has-small-font-size\"><strong>term\u00edn:<\/strong> od 23. 8. do 29. 8. 2026, Konzervato\u0159 Brno<\/p>\n\n\n\n<p class=\"has-small-font-size\"><strong>p\u0159\u00edjezd:<\/strong>&nbsp;23. 8. 2026 v odpoledn\u00edch hodin\u00e1ch<\/p>\n\n\n\n<p class=\"has-small-font-size\"><strong>zah\u00e1jen\u00ed kurz\u016f: <\/strong>23. 8. 2026 v 18.00 v koncertn\u00edm s\u00e1le<\/p>\n\n\n\n<p class=\"has-small-font-size\"><strong>odjezd:<\/strong> 29. 8. 2026 po z\u00e1v\u011bre\u010dn\u00e9m koncertu \u00fa\u010dastn\u00edk\u016f<\/p>\n\n\n\n<div class=\"wp-block-buttons is-layout-flex wp-block-buttons-is-layout-flex\">\n<div class=\"wp-block-button\"><a class=\"wp-block-button__link has-background wp-element-button\" href=\"https:\/\/konzervatorbrno.eu\/klavirnikurzy\/wp-content\/uploads\/2026\/04\/BKK-26.pdf\" style=\"border-radius:10px;background-color:#dc8a0f\">V\u00cdCE ZDE<\/a><\/div>\n<\/div>\n\n\n\n<p><\/p>\n<\/div>\n\n\n\n<div class=\"wp-block-column is-layout-flow wp-block-column-is-layout-flow\">\n<p class=\"has-text-align-center has-text-color\" style=\"color:#ff0000\"><strong>UPOZORN\u011aN\u00cd PRO U\u010cITELE<\/strong><\/p>\n\n\n\n<p class=\"has-black-color has-text-color has-small-font-size\">V\u00e1\u017een\u00ed kolegov\u00e9, pokud se p\u0159ihl\u00e1s\u00edte jako \u201ePasivn\u00ed \u00fa\u010dastn\u00edk\/DVPP \u2013 \u0160ablony\u201c, m\u016f\u017eete \u017e\u00e1dat zam\u011bstnavatele&nbsp;o proplacen\u00ed kurz\u016f v r\u00e1mci DVPP, nap\u0159. prost\u0159ednictv\u00edm tzv. \u0160ablon.&nbsp; N\u00e1pl\u0148 \u2013 24 hodin, v\u010detn\u011b metodick\u00e9 p\u0159edn\u00e1\u0161ky, workshopu a n\u00e1slechov\u00fdch hodin (klav\u00edr, varhany, cembalo).<\/p>\n\n\n\n<p class=\"has-text-align-center\"><strong>P\u0158IHL\u00c1\u0160KA NA KURZY<\/strong><\/p>\n\n\n\n<p>P\u0159ihla\u0161ov\u00e1n\u00ed na kurzy za\u010dneme o v\u00edkendu 28.-29. b\u0159ezna 2026<\/p>\n\n\n\n<div class=\"wp-block-buttons is-layout-flex wp-block-buttons-is-layout-flex\"><\/div>\n<\/div>\n<\/div>\n\n\n\n<div class=\"wp-block-columns is-layout-flex wp-container-core-columns-is-layout-9d6595d7 wp-block-columns-is-layout-flex\">\n<div class=\"wp-block-column is-layout-flow wp-block-column-is-layout-flow\"><\/div>\n<\/div>\n","protected":false},"excerpt":{"rendered":"<p>\u0158EDITELKA KURZ\u016e ORGANIZA\u010cN\u00cd \u00daDAJE term\u00edn: od 23. 8. do 29. 8. 2026, Konzervato\u0159 Brno p\u0159\u00edjezd:&nbsp;23. 8. 2026 v odpoledn\u00edch hodin\u00e1ch zah\u00e1jen\u00ed kurz\u016f: 23. 8. 2026 v 18.00 v koncertn\u00edm s\u00e1le odjezd: 29. 8. 2026 po z\u00e1v\u011bre\u010dn\u00e9m koncertu \u00fa\u010dastn\u00edk\u016f UPOZORN\u011aN\u00cd PRO U\u010cITELE V\u00e1\u017een\u00ed kolegov\u00e9, pokud se p\u0159ihl\u00e1s\u00edte jako \u201ePasivn\u00ed \u00fa\u010dastn\u00edk\/DVPP \u2013 \u0160ablony\u201c, m\u016f\u017eete \u017e\u00e1dat zam\u011bstnavatele&nbsp;o proplacen\u00ed&hellip; <a class=\"more-link\" href=\"https:\/\/konzervatorbrno.eu\/klavirnikurzy\/\">Pokra\u010dovat ve\u00a0\u010dten\u00ed <span class=\"screen-reader-text\">Organizace<\/span><\/a><\/p>\n","protected":false},"author":4,"featured_media":0,"parent":0,"menu_order":0,"comment_status":"closed","ping_status":"closed","template":"","meta":{"ngg_post_thumbnail":0,"footnotes":""},"class_list":["post-31","page","type-page","status-publish","hentry","entry"],"_links":{"self":[{"href":"https:\/\/konzervatorbrno.eu\/klavirnikurzy\/wp-json\/wp\/v2\/pages\/31","targetHints":{"allow":["GET"]}}],"collection":[{"href":"https:\/\/konzervatorbrno.eu\/klavirnikurzy\/wp-json\/wp\/v2\/pages"}],"about":[{"href":"https:\/\/konzervatorbrno.eu\/klavirnikurzy\/wp-json\/wp\/v2\/types\/page"}],"author":[{"embeddable":true,"href":"https:\/\/konzervatorbrno.eu\/klavirnikurzy\/wp-json\/wp\/v2\/users\/4"}],"replies":[{"embeddable":true,"href":"https:\/\/konzervatorbrno.eu\/klavirnikurzy\/wp-json\/wp\/v2\/comments?post=31"}],"version-history":[{"count":77,"href":"https:\/\/konzervatorbrno.eu\/klavirnikurzy\/wp-json\/wp\/v2\/pages\/31\/revisions"}],"predecessor-version":[{"id":11347,"href":"https:\/\/konzervatorbrno.eu\/klavirnikurzy\/wp-json\/wp\/v2\/pages\/31\/revisions\/11347"}],"wp:attachment":[{"href":"https:\/\/konzervatorbrno.eu\/klavirnikurzy\/wp-json\/wp\/v2\/media?parent=31"}],"curies":[{"name":"wp","href":"https:\/\/api.w.org\/{rel}","templated":true}]}}