{"id":290,"date":"2021-03-24T23:05:29","date_gmt":"2021-03-24T22:05:29","guid":{"rendered":"https:\/\/klavirnikurzybrno.cz\/?page_id=290"},"modified":"2025-03-09T21:08:19","modified_gmt":"2025-03-09T20:08:19","slug":"klavirni-soboty","status":"publish","type":"page","link":"https:\/\/konzervatorbrno.eu\/klavirnikurzy\/odkazy\/klavirni-soboty\/","title":{"rendered":"KLAV\u00cdRN\u00cd SOBOTY"},"content":{"rendered":"\n<h2 class=\"wp-block-heading\" id=\"klavirni-soboty\" style=\"font-size:25px\"><strong>Klav\u00edrn\u00ed soboty <\/strong><\/h2>\n\n\n\n<p><strong>Celoro\u010dn\u00ed vzd\u011bl\u00e1vac\u00ed proje<\/strong><strong>k<\/strong><strong>t \u2013 tzv. Klav\u00edrn\u00ed soboty<\/strong> vznikl v\u00a0roce 2004. Vedla k tomu snaha tehdej\u0161\u00ed vedouc\u00ed odd\u011blen\u00ed kl\u00e1vesov\u00fdch n\u00e1stroj\u016f Mgr. Evy Hor\u00e1kov\u00e9 o t\u011bsn\u011bj\u0161\u00ed spolupr\u00e1ci se z\u00e1kladn\u00edmi um\u011bleck\u00fdmi \u0161kolami.<\/p>\n\n\n\n<p>Klav\u00edrn\u00ed soboty si z\u00edskaly obrovskou popularitu a mno\u017estv\u00ed \u00fa\u010dastn\u00edk\u016f z&nbsp;cel\u00e9 republiky. I po mnohalet\u00e9m trv\u00e1n\u00ed a p\u0159evzet\u00ed organizace Mgr. Innou Aslamas od roku 2014 pokra\u010duje zna\u010dn\u00fd z\u00e1jem o tento typ vzd\u011bl\u00e1v\u00e1n\u00ed p\u0159edev\u0161\u00edm ze strany u\u010ditel\u016f ZU\u0160.<\/p>\n\n\n\n<p>T\u011b\u017ei\u0161t\u011bm Klav\u00edrn\u00edch sobot z\u016fst\u00e1vaj\u00ed dopoledn\u00ed <strong>hlavn\u00ed p\u0159edn\u00e1\u0161ky v\u00fdznamn\u00fdch pianist\u016f, hudebn\u00edch pedagog\u016f a odborn\u00edk\u016f<\/strong>. Na n\u011b v odpoledn\u00edm programu navazuj\u00ed:<\/p>\n\n\n\n<ul class=\"wp-block-list\">\n<li><em>V\u00fdukov\u00e9 semin\u00e1\u0159e<\/em><\/li>\n<\/ul>\n\n\n\n<ul class=\"wp-block-list\">\n<li><em>Ok\u00e9nka do v\u00fduky<\/em><\/li>\n<\/ul>\n\n\n\n<ul class=\"wp-block-list\">\n<li><em>Ve\u0159ejn\u00e9 konzultace s profesorem konzervato\u0159e<\/em><\/li>\n<\/ul>\n\n\n\n<ul class=\"wp-block-list\">\n<li><em>Workshopy vztahuj\u00edc\u00ed se k hudebn\u00ed v\u00fduce a interpretaci<\/em><\/li>\n<\/ul>\n\n\n\n<p>V nab\u00eddce nechyb\u00ed odborn\u00e9 <strong>individu\u00e1ln\u00ed konzultace s u\u010diteli a \u017e\u00e1ky<\/strong>, dopl\u0148kem pro z\u00e1jemce mohou b\u00fdt v poledn\u00edm \u010dase <strong>tradi\u010dn\u00ed koncert\u00edky<\/strong>.<\/p>\n\n\n\n<p>V\u00edce informac\u00ed o klav\u00edrn\u00edch sobot\u00e1ch naleznete na internetov\u00fdch str\u00e1nk\u00e1ch <a href=\"https:\/\/konzervatorbrno.eu\/?page_id=1195\">Konzervato\u0159e Brno<\/a><\/p>\n\n\n\n<figure class=\"wp-block-gallery has-nested-images columns-default is-cropped wp-block-gallery-1 is-layout-flex wp-block-gallery-is-layout-flex\">\n<figure class=\"wp-block-image size-large is-style-default\"><img loading=\"lazy\" decoding=\"async\" width=\"1024\" height=\"576\" data-id=\"995\" src=\"https:\/\/konzervatorbrno.eu\/klavirnikurzy\/wp-content\/uploads\/2021\/03\/soboty-1-1024x576.jpg\" alt=\"\" class=\"wp-image-995\" srcset=\"https:\/\/konzervatorbrno.eu\/klavirnikurzy\/wp-content\/uploads\/2021\/03\/soboty-1-1024x576.jpg 1024w, https:\/\/konzervatorbrno.eu\/klavirnikurzy\/wp-content\/uploads\/2021\/03\/soboty-1-300x169.jpg 300w, https:\/\/konzervatorbrno.eu\/klavirnikurzy\/wp-content\/uploads\/2021\/03\/soboty-1-768x432.jpg 768w, https:\/\/konzervatorbrno.eu\/klavirnikurzy\/wp-content\/uploads\/2021\/03\/soboty-1-1536x864.jpg 1536w, https:\/\/konzervatorbrno.eu\/klavirnikurzy\/wp-content\/uploads\/2021\/03\/soboty-1-1568x882.jpg 1568w, https:\/\/konzervatorbrno.eu\/klavirnikurzy\/wp-content\/uploads\/2021\/03\/soboty-1.jpg 1920w\" sizes=\"auto, (max-width: 1024px) 100vw, 1024px\" \/><\/figure>\n\n\n\n<figure class=\"wp-block-image size-large is-style-default\"><img loading=\"lazy\" decoding=\"async\" width=\"1024\" height=\"576\" data-id=\"996\" src=\"https:\/\/konzervatorbrno.eu\/klavirnikurzy\/wp-content\/uploads\/2021\/03\/soboty-2-1024x576.jpg\" alt=\"\" class=\"wp-image-996\" srcset=\"https:\/\/konzervatorbrno.eu\/klavirnikurzy\/wp-content\/uploads\/2021\/03\/soboty-2-1024x576.jpg 1024w, https:\/\/konzervatorbrno.eu\/klavirnikurzy\/wp-content\/uploads\/2021\/03\/soboty-2-300x169.jpg 300w, https:\/\/konzervatorbrno.eu\/klavirnikurzy\/wp-content\/uploads\/2021\/03\/soboty-2-768x432.jpg 768w, https:\/\/konzervatorbrno.eu\/klavirnikurzy\/wp-content\/uploads\/2021\/03\/soboty-2-1536x864.jpg 1536w, https:\/\/konzervatorbrno.eu\/klavirnikurzy\/wp-content\/uploads\/2021\/03\/soboty-2-1568x882.jpg 1568w, https:\/\/konzervatorbrno.eu\/klavirnikurzy\/wp-content\/uploads\/2021\/03\/soboty-2.jpg 1920w\" sizes=\"auto, (max-width: 1024px) 100vw, 1024px\" \/><\/figure>\n\n\n\n<figure class=\"wp-block-image size-large is-style-default\"><img loading=\"lazy\" decoding=\"async\" width=\"1024\" height=\"576\" data-id=\"997\" src=\"https:\/\/konzervatorbrno.eu\/klavirnikurzy\/wp-content\/uploads\/2021\/03\/Soboty-3-1024x576.jpg\" alt=\"\" class=\"wp-image-997\" srcset=\"https:\/\/konzervatorbrno.eu\/klavirnikurzy\/wp-content\/uploads\/2021\/03\/Soboty-3-1024x576.jpg 1024w, https:\/\/konzervatorbrno.eu\/klavirnikurzy\/wp-content\/uploads\/2021\/03\/Soboty-3-300x169.jpg 300w, https:\/\/konzervatorbrno.eu\/klavirnikurzy\/wp-content\/uploads\/2021\/03\/Soboty-3-768x432.jpg 768w, https:\/\/konzervatorbrno.eu\/klavirnikurzy\/wp-content\/uploads\/2021\/03\/Soboty-3-1536x864.jpg 1536w, https:\/\/konzervatorbrno.eu\/klavirnikurzy\/wp-content\/uploads\/2021\/03\/Soboty-3-1568x882.jpg 1568w, https:\/\/konzervatorbrno.eu\/klavirnikurzy\/wp-content\/uploads\/2021\/03\/Soboty-3.jpg 1920w\" sizes=\"auto, (max-width: 1024px) 100vw, 1024px\" \/><\/figure>\n\n\n\n<figure class=\"wp-block-image size-large is-style-default\"><img loading=\"lazy\" decoding=\"async\" width=\"1024\" height=\"576\" data-id=\"998\" src=\"https:\/\/konzervatorbrno.eu\/klavirnikurzy\/wp-content\/uploads\/2021\/03\/soboty-4-1024x576.jpg\" alt=\"\" class=\"wp-image-998\" srcset=\"https:\/\/konzervatorbrno.eu\/klavirnikurzy\/wp-content\/uploads\/2021\/03\/soboty-4-1024x576.jpg 1024w, https:\/\/konzervatorbrno.eu\/klavirnikurzy\/wp-content\/uploads\/2021\/03\/soboty-4-300x169.jpg 300w, https:\/\/konzervatorbrno.eu\/klavirnikurzy\/wp-content\/uploads\/2021\/03\/soboty-4-768x432.jpg 768w, https:\/\/konzervatorbrno.eu\/klavirnikurzy\/wp-content\/uploads\/2021\/03\/soboty-4-1536x864.jpg 1536w, https:\/\/konzervatorbrno.eu\/klavirnikurzy\/wp-content\/uploads\/2021\/03\/soboty-4-1568x882.jpg 1568w, https:\/\/konzervatorbrno.eu\/klavirnikurzy\/wp-content\/uploads\/2021\/03\/soboty-4.jpg 2048w\" sizes=\"auto, (max-width: 1024px) 100vw, 1024px\" \/><\/figure>\n\n\n\n<figure class=\"wp-block-image size-large is-style-default\"><img loading=\"lazy\" decoding=\"async\" width=\"1024\" height=\"576\" data-id=\"999\" src=\"https:\/\/konzervatorbrno.eu\/klavirnikurzy\/wp-content\/uploads\/2021\/03\/soboty-5-1024x576.jpg\" alt=\"\" class=\"wp-image-999\" srcset=\"https:\/\/konzervatorbrno.eu\/klavirnikurzy\/wp-content\/uploads\/2021\/03\/soboty-5-1024x576.jpg 1024w, https:\/\/konzervatorbrno.eu\/klavirnikurzy\/wp-content\/uploads\/2021\/03\/soboty-5-300x169.jpg 300w, https:\/\/konzervatorbrno.eu\/klavirnikurzy\/wp-content\/uploads\/2021\/03\/soboty-5-768x432.jpg 768w, https:\/\/konzervatorbrno.eu\/klavirnikurzy\/wp-content\/uploads\/2021\/03\/soboty-5-1536x864.jpg 1536w, https:\/\/konzervatorbrno.eu\/klavirnikurzy\/wp-content\/uploads\/2021\/03\/soboty-5-1568x882.jpg 1568w, https:\/\/konzervatorbrno.eu\/klavirnikurzy\/wp-content\/uploads\/2021\/03\/soboty-5.jpg 2048w\" sizes=\"auto, (max-width: 1024px) 100vw, 1024px\" \/><\/figure>\n\n\n\n<figure class=\"wp-block-image size-large is-style-default\"><img loading=\"lazy\" decoding=\"async\" width=\"1024\" height=\"576\" data-id=\"1000\" src=\"https:\/\/konzervatorbrno.eu\/klavirnikurzy\/wp-content\/uploads\/2021\/03\/soboty-6-1024x576.jpg\" alt=\"\" class=\"wp-image-1000\" srcset=\"https:\/\/konzervatorbrno.eu\/klavirnikurzy\/wp-content\/uploads\/2021\/03\/soboty-6-1024x576.jpg 1024w, https:\/\/konzervatorbrno.eu\/klavirnikurzy\/wp-content\/uploads\/2021\/03\/soboty-6-300x169.jpg 300w, https:\/\/konzervatorbrno.eu\/klavirnikurzy\/wp-content\/uploads\/2021\/03\/soboty-6-768x432.jpg 768w, https:\/\/konzervatorbrno.eu\/klavirnikurzy\/wp-content\/uploads\/2021\/03\/soboty-6-1536x864.jpg 1536w, https:\/\/konzervatorbrno.eu\/klavirnikurzy\/wp-content\/uploads\/2021\/03\/soboty-6-1568x882.jpg 1568w, https:\/\/konzervatorbrno.eu\/klavirnikurzy\/wp-content\/uploads\/2021\/03\/soboty-6.jpg 2048w\" sizes=\"auto, (max-width: 1024px) 100vw, 1024px\" \/><\/figure>\n\n\n\n<figure class=\"wp-block-image size-large is-style-default\"><img loading=\"lazy\" decoding=\"async\" width=\"1024\" height=\"576\" data-id=\"1001\" src=\"https:\/\/konzervatorbrno.eu\/klavirnikurzy\/wp-content\/uploads\/2021\/03\/soboty-7-1024x576.jpg\" alt=\"\" class=\"wp-image-1001\" srcset=\"https:\/\/konzervatorbrno.eu\/klavirnikurzy\/wp-content\/uploads\/2021\/03\/soboty-7-1024x576.jpg 1024w, https:\/\/konzervatorbrno.eu\/klavirnikurzy\/wp-content\/uploads\/2021\/03\/soboty-7-300x169.jpg 300w, https:\/\/konzervatorbrno.eu\/klavirnikurzy\/wp-content\/uploads\/2021\/03\/soboty-7-768x432.jpg 768w, https:\/\/konzervatorbrno.eu\/klavirnikurzy\/wp-content\/uploads\/2021\/03\/soboty-7-1536x864.jpg 1536w, https:\/\/konzervatorbrno.eu\/klavirnikurzy\/wp-content\/uploads\/2021\/03\/soboty-7-1568x882.jpg 1568w, https:\/\/konzervatorbrno.eu\/klavirnikurzy\/wp-content\/uploads\/2021\/03\/soboty-7.jpg 1920w\" sizes=\"auto, (max-width: 1024px) 100vw, 1024px\" \/><\/figure>\n\n\n\n<figure class=\"wp-block-image size-large is-style-default\"><img loading=\"lazy\" decoding=\"async\" width=\"1024\" height=\"576\" data-id=\"1002\" src=\"https:\/\/konzervatorbrno.eu\/klavirnikurzy\/wp-content\/uploads\/2021\/03\/soboty-8-1024x576.jpg\" alt=\"\" class=\"wp-image-1002\" srcset=\"https:\/\/konzervatorbrno.eu\/klavirnikurzy\/wp-content\/uploads\/2021\/03\/soboty-8-1024x576.jpg 1024w, https:\/\/konzervatorbrno.eu\/klavirnikurzy\/wp-content\/uploads\/2021\/03\/soboty-8-300x169.jpg 300w, https:\/\/konzervatorbrno.eu\/klavirnikurzy\/wp-content\/uploads\/2021\/03\/soboty-8-768x432.jpg 768w, https:\/\/konzervatorbrno.eu\/klavirnikurzy\/wp-content\/uploads\/2021\/03\/soboty-8-1536x864.jpg 1536w, https:\/\/konzervatorbrno.eu\/klavirnikurzy\/wp-content\/uploads\/2021\/03\/soboty-8-1568x882.jpg 1568w, https:\/\/konzervatorbrno.eu\/klavirnikurzy\/wp-content\/uploads\/2021\/03\/soboty-8.jpg 2048w\" sizes=\"auto, (max-width: 1024px) 100vw, 1024px\" \/><\/figure>\n\n\n\n<figure class=\"wp-block-image size-large is-style-default\"><img loading=\"lazy\" decoding=\"async\" width=\"1024\" height=\"576\" data-id=\"1003\" src=\"https:\/\/konzervatorbrno.eu\/klavirnikurzy\/wp-content\/uploads\/2021\/03\/soboty-10-1024x576.jpg\" alt=\"\" class=\"wp-image-1003\" srcset=\"https:\/\/konzervatorbrno.eu\/klavirnikurzy\/wp-content\/uploads\/2021\/03\/soboty-10-1024x576.jpg 1024w, https:\/\/konzervatorbrno.eu\/klavirnikurzy\/wp-content\/uploads\/2021\/03\/soboty-10-300x169.jpg 300w, https:\/\/konzervatorbrno.eu\/klavirnikurzy\/wp-content\/uploads\/2021\/03\/soboty-10-768x432.jpg 768w, https:\/\/konzervatorbrno.eu\/klavirnikurzy\/wp-content\/uploads\/2021\/03\/soboty-10-1536x864.jpg 1536w, https:\/\/konzervatorbrno.eu\/klavirnikurzy\/wp-content\/uploads\/2021\/03\/soboty-10-1568x882.jpg 1568w, https:\/\/konzervatorbrno.eu\/klavirnikurzy\/wp-content\/uploads\/2021\/03\/soboty-10.jpg 2048w\" sizes=\"auto, (max-width: 1024px) 100vw, 1024px\" \/><\/figure>\n\n\n\n<figure class=\"wp-block-image size-large is-style-default\"><img loading=\"lazy\" decoding=\"async\" width=\"1024\" height=\"576\" data-id=\"1004\" src=\"https:\/\/konzervatorbrno.eu\/klavirnikurzy\/wp-content\/uploads\/2021\/03\/soboty9-1024x576.jpg\" alt=\"\" class=\"wp-image-1004\" srcset=\"https:\/\/konzervatorbrno.eu\/klavirnikurzy\/wp-content\/uploads\/2021\/03\/soboty9-1024x576.jpg 1024w, https:\/\/konzervatorbrno.eu\/klavirnikurzy\/wp-content\/uploads\/2021\/03\/soboty9-300x169.jpg 300w, https:\/\/konzervatorbrno.eu\/klavirnikurzy\/wp-content\/uploads\/2021\/03\/soboty9-768x432.jpg 768w, https:\/\/konzervatorbrno.eu\/klavirnikurzy\/wp-content\/uploads\/2021\/03\/soboty9-1536x863.jpg 1536w, https:\/\/konzervatorbrno.eu\/klavirnikurzy\/wp-content\/uploads\/2021\/03\/soboty9-1568x881.jpg 1568w, https:\/\/konzervatorbrno.eu\/klavirnikurzy\/wp-content\/uploads\/2021\/03\/soboty9.jpg 2048w\" sizes=\"auto, (max-width: 1024px) 100vw, 1024px\" \/><\/figure>\n<\/figure>\n","protected":false},"excerpt":{"rendered":"<p>Klav\u00edrn\u00ed soboty Celoro\u010dn\u00ed vzd\u011bl\u00e1vac\u00ed projekt \u2013 tzv. Klav\u00edrn\u00ed soboty vznikl v\u00a0roce 2004. Vedla k tomu snaha tehdej\u0161\u00ed vedouc\u00ed odd\u011blen\u00ed kl\u00e1vesov\u00fdch n\u00e1stroj\u016f Mgr. Evy Hor\u00e1kov\u00e9 o t\u011bsn\u011bj\u0161\u00ed spolupr\u00e1ci se z\u00e1kladn\u00edmi um\u011bleck\u00fdmi \u0161kolami. Klav\u00edrn\u00ed soboty si z\u00edskaly obrovskou popularitu a mno\u017estv\u00ed \u00fa\u010dastn\u00edk\u016f z&nbsp;cel\u00e9 republiky. I po mnohalet\u00e9m trv\u00e1n\u00ed a p\u0159evzet\u00ed organizace Mgr. Innou Aslamas od roku 2014&hellip; <a class=\"more-link\" href=\"https:\/\/konzervatorbrno.eu\/klavirnikurzy\/odkazy\/klavirni-soboty\/\">Pokra\u010dovat ve\u00a0\u010dten\u00ed <span class=\"screen-reader-text\">KLAV\u00cdRN\u00cd SOBOTY<\/span><\/a><\/p>\n","protected":false},"author":4,"featured_media":0,"parent":926,"menu_order":0,"comment_status":"closed","ping_status":"closed","template":"","meta":{"ngg_post_thumbnail":0,"footnotes":""},"class_list":["post-290","page","type-page","status-publish","hentry","entry"],"_links":{"self":[{"href":"https:\/\/konzervatorbrno.eu\/klavirnikurzy\/wp-json\/wp\/v2\/pages\/290","targetHints":{"allow":["GET"]}}],"collection":[{"href":"https:\/\/konzervatorbrno.eu\/klavirnikurzy\/wp-json\/wp\/v2\/pages"}],"about":[{"href":"https:\/\/konzervatorbrno.eu\/klavirnikurzy\/wp-json\/wp\/v2\/types\/page"}],"author":[{"embeddable":true,"href":"https:\/\/konzervatorbrno.eu\/klavirnikurzy\/wp-json\/wp\/v2\/users\/4"}],"replies":[{"embeddable":true,"href":"https:\/\/konzervatorbrno.eu\/klavirnikurzy\/wp-json\/wp\/v2\/comments?post=290"}],"version-history":[{"count":18,"href":"https:\/\/konzervatorbrno.eu\/klavirnikurzy\/wp-json\/wp\/v2\/pages\/290\/revisions"}],"predecessor-version":[{"id":3035,"href":"https:\/\/konzervatorbrno.eu\/klavirnikurzy\/wp-json\/wp\/v2\/pages\/290\/revisions\/3035"}],"up":[{"embeddable":true,"href":"https:\/\/konzervatorbrno.eu\/klavirnikurzy\/wp-json\/wp\/v2\/pages\/926"}],"wp:attachment":[{"href":"https:\/\/konzervatorbrno.eu\/klavirnikurzy\/wp-json\/wp\/v2\/media?parent=290"}],"curies":[{"name":"wp","href":"https:\/\/api.w.org\/{rel}","templated":true}]}}