{"id":2122,"date":"2023-03-05T20:08:54","date_gmt":"2023-03-05T19:08:54","guid":{"rendered":"https:\/\/klavirnikurzybrno.cz\/?page_id=2122"},"modified":"2023-03-05T20:13:49","modified_gmt":"2023-03-05T19:13:49","slug":"mgr-ema-jedlicka-gogova","status":"publish","type":"page","link":"https:\/\/konzervatorbrno.eu\/klavirnikurzy\/mgr-ema-jedlicka-gogova\/","title":{"rendered":"Mgr. Ema Jedli\u010dka-Gogova"},"content":{"rendered":"\n<div class=\"wp-block-media-text alignwide is-stacked-on-mobile is-vertically-aligned-top\" style=\"grid-template-columns:18% auto\"><figure class=\"wp-block-media-text__media\"><img loading=\"lazy\" decoding=\"async\" width=\"1024\" height=\"914\" src=\"https:\/\/konzervatorbrno.eu\/klavirnikurzy\/wp-content\/uploads\/2023\/03\/Ema-fotka-2023-1024x914.jpg\" alt=\"\" class=\"wp-image-2125 size-full\" srcset=\"https:\/\/konzervatorbrno.eu\/klavirnikurzy\/wp-content\/uploads\/2023\/03\/Ema-fotka-2023-1024x914.jpg 1024w, https:\/\/konzervatorbrno.eu\/klavirnikurzy\/wp-content\/uploads\/2023\/03\/Ema-fotka-2023-300x268.jpg 300w, https:\/\/konzervatorbrno.eu\/klavirnikurzy\/wp-content\/uploads\/2023\/03\/Ema-fotka-2023-768x686.jpg 768w, https:\/\/konzervatorbrno.eu\/klavirnikurzy\/wp-content\/uploads\/2023\/03\/Ema-fotka-2023.jpg 1075w\" sizes=\"auto, (max-width: 1024px) 100vw, 1024px\" \/><\/figure><div class=\"wp-block-media-text__content\">\n<p><strong>Mgr. Ema Jedli\u010dka Gogova<\/strong> je \u010desko\u2013makedonskou pianistkou, pedago\u017ekou, \u010dlenkou \u010cSVA, \u010dlenkou Klubu<br>moravsk\u00fdch skladatel\u016f, um\u011bleckou \u0159editelkou a p\u0159edsedkyn\u00ed spolku Intercultural Creative Life<br>(<a href=\"http:\/\/www.iclbrno.cz\" data-type=\"URL\" data-id=\"http:\/\/www.iclbrno.cz\">www.iclbrno.cz<\/a>), \u010dlenkou Petrof Art Family.<br>Studovala na fakult\u011b m\u00fazick\u00fdch um\u011bn\u00ed University svat\u00fdch Cyrila a Metod\u011bje ve Skopje v<br>Makedonii, ve t\u0159\u00edd\u011b profesorky Stely Slejansk\u00e9 a na hudebn\u00ed fakult\u011b JAMU v Brn\u011b, ve t\u0159\u00edd\u011b profesora<br>Zde\u0148ka Hn\u00e1ta. N\u00e1sledn\u011b ji formovala profesorka lond\u00fdnsk\u00e9 Royal College of Music Norma Fisher.<br>Odehr\u00e1la \u0159adu s\u00f3lov\u00fdch koncert\u016f v Makedonii, zem\u00edch b\u00fdval\u00e9 Jugosl\u00e1vie, Bulharsku, \u010cesk\u00e9<br>republice, Slovensku, N\u011bmecku, Anglii, Rakousku a Kanad\u011b. Vystupovala s Makedonskou filharmoni\u00ed,<br>Symfonick\u00fdm orchestrem Slezsk\u00e9ho divadla v Opav\u011b, N\u00e1rodn\u00edm divadlem Brno, Moravskou filharmoni\u00ed<br>Olomouc, Filharmoni\u00ed Brno, a dal\u0161\u00edmi orchestry.<br>V roce 2003 s Innou Aslamas zalo\u017eily klav\u00edrn\u00ed duo Aslamas-Gogova. Jejich koncertn\u00ed \u010dinnost je<br>\u0161irok\u00e1 a v\u0161estrann\u00e1. Pravideln\u011b vystupuj\u00ed na koncertech Klubu moravsk\u00fdch skladatel\u016f a opakovan\u011b<br>nat\u00e1\u010d\u00ed pro \u010cesk\u00fd rozhlas. Koncertovaly v \u010cesk\u00e9 republice i v zahrani\u010d\u00ed a \u00fa\u010dinkovaly na v\u00fdznamn\u00fdch<br>mezin\u00e1rodn\u00edch festivalech. V roce 2008 s\u00a0velk\u00fdm \u00fasp\u011bchem uskute\u010dnily projekt &#8222;Jedine\u010dn\u00fd Bach&#8220; v jeho\u017e<br>r\u00e1mci byly v \u010cesk\u00e9 republice a N\u011bmecku provedeny koncerty J. S. Bacha pro jeden, dva, t\u0159i a \u010dty\u0159i klav\u00edry<br>s orchestrem ve spolupr\u00e1ci s firmou Petrof.<br>S Gertem Hecherem, slavn\u00fdm v\u00edde\u0148sk\u00fdm pianistou a restaur\u00e1torem historick\u00fdch klav\u00edr\u016f, zalo\u017eili<br>velmi osobit\u00e9 duo se zam\u011b\u0159en\u00edm na salonn\u00ed hudbu devaten\u00e1ct\u00e9ho stolet\u00ed.<br>Krom\u011b vlastn\u00ed um\u011bleck\u00e9 \u010dinnosti pravideln\u011b zased\u00e1 v porot\u00e1ch r\u016fzn\u00fdch n\u00e1rodn\u00edch i<br>mezin\u00e1rodn\u00edch hudebn\u00edch sout\u011b\u017e\u00ed, p\u0159edn\u00e1\u0161\u00ed a vede kurzy v \u010cesku i v zahrani\u010d\u00ed.<\/p>\n<\/div><\/div>\n","protected":false},"excerpt":{"rendered":"<p>Mgr. Ema Jedli\u010dka Gogova je \u010desko\u2013makedonskou pianistkou, pedago\u017ekou, \u010dlenkou \u010cSVA, \u010dlenkou Klubumoravsk\u00fdch skladatel\u016f, um\u011bleckou \u0159editelkou a p\u0159edsedkyn\u00ed spolku Intercultural Creative Life(www.iclbrno.cz), \u010dlenkou Petrof Art Family.Studovala na fakult\u011b m\u00fazick\u00fdch um\u011bn\u00ed University svat\u00fdch Cyrila a Metod\u011bje ve Skopje vMakedonii, ve t\u0159\u00edd\u011b profesorky Stely Slejansk\u00e9 a na hudebn\u00ed fakult\u011b JAMU v Brn\u011b, ve t\u0159\u00edd\u011b profesoraZde\u0148ka Hn\u00e1ta. N\u00e1sledn\u011b ji&hellip; <a class=\"more-link\" href=\"https:\/\/konzervatorbrno.eu\/klavirnikurzy\/mgr-ema-jedlicka-gogova\/\">Pokra\u010dovat ve\u00a0\u010dten\u00ed <span class=\"screen-reader-text\">Mgr. Ema Jedli\u010dka-Gogova<\/span><\/a><\/p>\n","protected":false},"author":4,"featured_media":0,"parent":0,"menu_order":0,"comment_status":"closed","ping_status":"closed","template":"","meta":{"ngg_post_thumbnail":0,"footnotes":""},"class_list":["post-2122","page","type-page","status-publish","hentry","entry"],"_links":{"self":[{"href":"https:\/\/konzervatorbrno.eu\/klavirnikurzy\/wp-json\/wp\/v2\/pages\/2122","targetHints":{"allow":["GET"]}}],"collection":[{"href":"https:\/\/konzervatorbrno.eu\/klavirnikurzy\/wp-json\/wp\/v2\/pages"}],"about":[{"href":"https:\/\/konzervatorbrno.eu\/klavirnikurzy\/wp-json\/wp\/v2\/types\/page"}],"author":[{"embeddable":true,"href":"https:\/\/konzervatorbrno.eu\/klavirnikurzy\/wp-json\/wp\/v2\/users\/4"}],"replies":[{"embeddable":true,"href":"https:\/\/konzervatorbrno.eu\/klavirnikurzy\/wp-json\/wp\/v2\/comments?post=2122"}],"version-history":[{"count":5,"href":"https:\/\/konzervatorbrno.eu\/klavirnikurzy\/wp-json\/wp\/v2\/pages\/2122\/revisions"}],"predecessor-version":[{"id":2130,"href":"https:\/\/konzervatorbrno.eu\/klavirnikurzy\/wp-json\/wp\/v2\/pages\/2122\/revisions\/2130"}],"wp:attachment":[{"href":"https:\/\/konzervatorbrno.eu\/klavirnikurzy\/wp-json\/wp\/v2\/media?parent=2122"}],"curies":[{"name":"wp","href":"https:\/\/api.w.org\/{rel}","templated":true}]}}