{"id":2064,"date":"2023-01-28T19:42:47","date_gmt":"2023-01-28T18:42:47","guid":{"rendered":"https:\/\/klavirnikurzybrno.cz\/?page_id=2064"},"modified":"2025-10-05T22:34:41","modified_gmt":"2025-10-05T20:34:41","slug":"videogalerie","status":"publish","type":"page","link":"https:\/\/konzervatorbrno.eu\/klavirnikurzy\/videogalerie\/","title":{"rendered":"Videogalerie"},"content":{"rendered":"\n<figure class=\"wp-block-embed is-type-video is-provider-youtube wp-block-embed-youtube wp-embed-aspect-16-9 wp-has-aspect-ratio\"><div class=\"wp-block-embed__wrapper\">\n<iframe loading=\"lazy\" title=\"Z\u00e1v\u011bre\u010dn\u00fd koncert \u00fa\u010dastn\u00edk\u016f klav\u00edrn\u00edch kurz\u016f \u201ePr\u00e1zdninov\u00e9 rozehr\u00e1v\u00e1n\u00ed\u201c 2025\" width=\"750\" height=\"422\" src=\"https:\/\/www.youtube.com\/embed\/videoseries?list=PLxQPoevIq15znJ8S1J8JeqVg_N7SMBNxf\" frameborder=\"0\" allow=\"accelerometer; autoplay; clipboard-write; encrypted-media; gyroscope; picture-in-picture; web-share\" referrerpolicy=\"strict-origin-when-cross-origin\" allowfullscreen><\/iframe>\n<\/div><figcaption class=\"wp-element-caption\">Z\u00e1v\u011bre\u010dn\u00fd koncert \u00fa\u010dastn\u00edk\u016f klav\u00edrn\u00edch kurz\u016f roku 2025<\/figcaption><\/figure>\n\n\n\n<p><\/p>\n\n\n\n<figure class=\"wp-block-embed is-type-video is-provider-youtube wp-block-embed-youtube wp-embed-aspect-16-9 wp-has-aspect-ratio\"><div class=\"wp-block-embed__wrapper\">\n<iframe loading=\"lazy\" title=\"Koncert \u00fa\u010dastn\u00edk\u016f klav\u00edrn\u00edch kurz\u016f Brno - 2004\" width=\"750\" height=\"422\" src=\"https:\/\/www.youtube.com\/embed\/videoseries?list=PLhYBCAwIykVDoMMjY90f1Up9S_o0F5ijQ\" frameborder=\"0\" allow=\"accelerometer; autoplay; clipboard-write; encrypted-media; gyroscope; picture-in-picture; web-share\" referrerpolicy=\"strict-origin-when-cross-origin\" allowfullscreen><\/iframe>\n<\/div><figcaption class=\"wp-element-caption\">Z\u00e1v\u011bre\u010dn\u00fd koncert \u00fa\u010dastn\u00edk\u016f klav\u00edrn\u00edch kurz\u016f roku 2024<\/figcaption><\/figure>\n\n\n\n<figure class=\"wp-block-embed is-type-video is-provider-youtube wp-block-embed-youtube wp-embed-aspect-16-9 wp-has-aspect-ratio\"><div class=\"wp-block-embed__wrapper\">\n<iframe loading=\"lazy\" title=\"Klav\u00edrn\u00ed kurzy 2022 z\u00e1v\u011bre\u010dn\u00fd koncert\" width=\"750\" height=\"422\" src=\"https:\/\/www.youtube.com\/embed\/2J2YdHcXEFE?feature=oembed\" frameborder=\"0\" allow=\"accelerometer; autoplay; clipboard-write; encrypted-media; gyroscope; picture-in-picture; web-share\" referrerpolicy=\"strict-origin-when-cross-origin\" allowfullscreen><\/iframe>\n<\/div><figcaption class=\"wp-element-caption\">Z\u00e1v\u011bre\u010dn\u00fd koncert \u00fa\u010dastn\u00edk\u016f klav\u00edrn\u00edch kurz\u016f roku 2022<\/figcaption><\/figure>\n","protected":false},"excerpt":{"rendered":"","protected":false},"author":4,"featured_media":0,"parent":0,"menu_order":0,"comment_status":"closed","ping_status":"closed","template":"","meta":{"ngg_post_thumbnail":0,"footnotes":""},"class_list":["post-2064","page","type-page","status-publish","hentry","entry"],"_links":{"self":[{"href":"https:\/\/konzervatorbrno.eu\/klavirnikurzy\/wp-json\/wp\/v2\/pages\/2064","targetHints":{"allow":["GET"]}}],"collection":[{"href":"https:\/\/konzervatorbrno.eu\/klavirnikurzy\/wp-json\/wp\/v2\/pages"}],"about":[{"href":"https:\/\/konzervatorbrno.eu\/klavirnikurzy\/wp-json\/wp\/v2\/types\/page"}],"author":[{"embeddable":true,"href":"https:\/\/konzervatorbrno.eu\/klavirnikurzy\/wp-json\/wp\/v2\/users\/4"}],"replies":[{"embeddable":true,"href":"https:\/\/konzervatorbrno.eu\/klavirnikurzy\/wp-json\/wp\/v2\/comments?post=2064"}],"version-history":[{"count":6,"href":"https:\/\/konzervatorbrno.eu\/klavirnikurzy\/wp-json\/wp\/v2\/pages\/2064\/revisions"}],"predecessor-version":[{"id":11204,"href":"https:\/\/konzervatorbrno.eu\/klavirnikurzy\/wp-json\/wp\/v2\/pages\/2064\/revisions\/11204"}],"wp:attachment":[{"href":"https:\/\/konzervatorbrno.eu\/klavirnikurzy\/wp-json\/wp\/v2\/media?parent=2064"}],"curies":[{"name":"wp","href":"https:\/\/api.w.org\/{rel}","templated":true}]}}