{"id":1482,"date":"2022-02-09T18:04:17","date_gmt":"2022-02-09T17:04:17","guid":{"rendered":"https:\/\/klavirnikurzybrno.cz\/?page_id=1482"},"modified":"2022-02-09T18:04:17","modified_gmt":"2022-02-09T17:04:17","slug":"mga-petr-kolar","status":"publish","type":"page","link":"https:\/\/konzervatorbrno.eu\/klavirnikurzy\/mga-petr-kolar\/","title":{"rendered":"MgA. Petr Kol\u00e1\u0159"},"content":{"rendered":"\n<div class=\"wp-block-columns alignwide is-layout-flex wp-container-core-columns-is-layout-9d6595d7 wp-block-columns-is-layout-flex\">\n<div class=\"wp-block-column is-layout-flow wp-block-column-is-layout-flow\" style=\"flex-basis:19%\">\n<figure class=\"wp-block-image\"><img loading=\"lazy\" decoding=\"async\" width=\"1024\" height=\"910\" src=\"https:\/\/konzervatorbrno.eu\/klavirnikurzy\/wp-content\/uploads\/2022\/02\/kolar-1024x910.jpg\" alt=\"\" class=\"wp-image-1483\" srcset=\"https:\/\/konzervatorbrno.eu\/klavirnikurzy\/wp-content\/uploads\/2022\/02\/kolar-1024x910.jpg 1024w, https:\/\/konzervatorbrno.eu\/klavirnikurzy\/wp-content\/uploads\/2022\/02\/kolar-300x267.jpg 300w, https:\/\/konzervatorbrno.eu\/klavirnikurzy\/wp-content\/uploads\/2022\/02\/kolar-768x682.jpg 768w, https:\/\/konzervatorbrno.eu\/klavirnikurzy\/wp-content\/uploads\/2022\/02\/kolar.jpg 1200w\" sizes=\"auto, (max-width: 1024px) 100vw, 1024px\" \/><\/figure>\n<\/div>\n\n\n\n<div class=\"wp-block-column is-layout-flow wp-block-column-is-layout-flow\" style=\"flex-basis:81%\">\n<p>V letech 1982 a\u017e 1988 studoval varhann\u00ed hru na konzervato\u0159i v Brn\u011b u prof. V. B\u011blsk\u00e9ho, pozd\u011bji u prof. Z. Nov\u00e1\u010dka. Pot\u00e9 pokra\u010doval ve studiu na JAMU v Brn\u011b, ve t\u0159\u00edd\u011b prof. A. Vesel\u00e9. B\u011bhem studi\u00ed se aktivn\u011b z\u00fa\u010dastnil interpreta\u010dn\u00edch kurz\u016f u prof. M. Haselbl\u00f6cka, S. Hellera a M. Radulescu. a \u00fasp\u011b\u0161n\u011b i n\u011bkolika mezin\u00e1rodn\u00edch varhann\u00edch sout\u011b\u017e\u00ed (Opava 1986 II.cena, Brno 1988 II.cena, Pra\u017esk\u00e9 jaro 1989 III.cena a titul laure\u00e1ta, Deventer 1991 I.cena)<\/p>\n\n\n\n<p>Po ukon\u010den\u00ed studi\u00ed v r. 1993 za\u010dal vyu\u010dovat varhann\u00ed hru a improvizaci na Odd\u011blen\u00ed duchovn\u00ed hudby JAMU v Brn\u011b, od roku 2000 vyu\u010duje hru na varhany na brn\u011bnsk\u00e9 Konzervato\u0159i.<\/p>\n\n\n\n<p>V l\u00e9tech 1990 a\u017e 1997 p\u016fsobil jako \u0159editel k\u016fru a varhan\u00edk v bazilice Nanebevzet\u00ed Panny Marie na Star\u00e9m Brn\u011b. Roku 1998 se stal \u0159editelem k\u016fru a hlavn\u00edm varhan\u00edkem brn\u011bnsk\u00e9 katedr\u00e1ly sv. Petra a Pavla. Ve sv\u00e9 profesion\u00e1ln\u00ed kari\u00e9\u0159e se aktivn\u011b v\u011bnuje sborov\u00e9mu zp\u011bvu. 1995 \u2013 2002 byl sbormistrem zp\u011bvohry N\u00e1rodn\u00edho divadla v Brn\u011b. Od roku 2001 vykon\u00e1v\u00e1 funkci hlavn\u00edho sbormistra Brn\u011bnsk\u00e9ho filharmonick\u00e9ho sboru Beseda brn\u011bnsk\u00e1. S\u00f3lov\u011b vystupuje doma i v zahrani\u010d\u00ed.<\/p>\n<\/div>\n<\/div>\n","protected":false},"excerpt":{"rendered":"<p>V letech 1982 a\u017e 1988 studoval varhann\u00ed hru na konzervato\u0159i v Brn\u011b u prof. V. B\u011blsk\u00e9ho, pozd\u011bji u prof. Z. Nov\u00e1\u010dka. Pot\u00e9 pokra\u010doval ve studiu na JAMU v Brn\u011b, ve t\u0159\u00edd\u011b prof. A. Vesel\u00e9. B\u011bhem studi\u00ed se aktivn\u011b z\u00fa\u010dastnil interpreta\u010dn\u00edch kurz\u016f u prof. M. Haselbl\u00f6cka, S. Hellera a M. Radulescu. a \u00fasp\u011b\u0161n\u011b i n\u011bkolika mezin\u00e1rodn\u00edch&hellip; <a class=\"more-link\" href=\"https:\/\/konzervatorbrno.eu\/klavirnikurzy\/mga-petr-kolar\/\">Pokra\u010dovat ve\u00a0\u010dten\u00ed <span class=\"screen-reader-text\">MgA. Petr Kol\u00e1\u0159<\/span><\/a><\/p>\n","protected":false},"author":4,"featured_media":0,"parent":0,"menu_order":0,"comment_status":"closed","ping_status":"closed","template":"","meta":{"ngg_post_thumbnail":0,"footnotes":""},"class_list":["post-1482","page","type-page","status-publish","hentry","entry"],"_links":{"self":[{"href":"https:\/\/konzervatorbrno.eu\/klavirnikurzy\/wp-json\/wp\/v2\/pages\/1482","targetHints":{"allow":["GET"]}}],"collection":[{"href":"https:\/\/konzervatorbrno.eu\/klavirnikurzy\/wp-json\/wp\/v2\/pages"}],"about":[{"href":"https:\/\/konzervatorbrno.eu\/klavirnikurzy\/wp-json\/wp\/v2\/types\/page"}],"author":[{"embeddable":true,"href":"https:\/\/konzervatorbrno.eu\/klavirnikurzy\/wp-json\/wp\/v2\/users\/4"}],"replies":[{"embeddable":true,"href":"https:\/\/konzervatorbrno.eu\/klavirnikurzy\/wp-json\/wp\/v2\/comments?post=1482"}],"version-history":[{"count":1,"href":"https:\/\/konzervatorbrno.eu\/klavirnikurzy\/wp-json\/wp\/v2\/pages\/1482\/revisions"}],"predecessor-version":[{"id":1484,"href":"https:\/\/konzervatorbrno.eu\/klavirnikurzy\/wp-json\/wp\/v2\/pages\/1482\/revisions\/1484"}],"wp:attachment":[{"href":"https:\/\/konzervatorbrno.eu\/klavirnikurzy\/wp-json\/wp\/v2\/media?parent=1482"}],"curies":[{"name":"wp","href":"https:\/\/api.w.org\/{rel}","templated":true}]}}