{"id":1476,"date":"2022-02-09T17:59:27","date_gmt":"2022-02-09T16:59:27","guid":{"rendered":"https:\/\/klavirnikurzybrno.cz\/?page_id=1476"},"modified":"2024-03-01T21:37:48","modified_gmt":"2024-03-01T20:37:48","slug":"mga-monika-sujanova","status":"publish","type":"page","link":"https:\/\/konzervatorbrno.eu\/klavirnikurzy\/mga-monika-sujanova\/","title":{"rendered":"MgA. Monika \u0160ujanov\u00e1"},"content":{"rendered":"\n<div class=\"wp-block-columns alignwide is-layout-flex wp-container-core-columns-is-layout-9d6595d7 wp-block-columns-is-layout-flex\">\n<div class=\"wp-block-column is-layout-flow wp-block-column-is-layout-flow\" style=\"flex-basis:17%\">\n<figure class=\"wp-block-image is-resized\"><img loading=\"lazy\" decoding=\"async\" width=\"1024\" height=\"910\" src=\"https:\/\/konzervatorbrno.eu\/klavirnikurzy\/wp-content\/uploads\/2022\/02\/sujanova-1024x910.jpg\" alt=\"\" class=\"wp-image-1480\" style=\"width:239px;height:212px\" srcset=\"https:\/\/konzervatorbrno.eu\/klavirnikurzy\/wp-content\/uploads\/2022\/02\/sujanova-1024x910.jpg 1024w, https:\/\/konzervatorbrno.eu\/klavirnikurzy\/wp-content\/uploads\/2022\/02\/sujanova-300x267.jpg 300w, https:\/\/konzervatorbrno.eu\/klavirnikurzy\/wp-content\/uploads\/2022\/02\/sujanova-768x682.jpg 768w, https:\/\/konzervatorbrno.eu\/klavirnikurzy\/wp-content\/uploads\/2022\/02\/sujanova.jpg 1200w\" sizes=\"auto, (max-width: 1024px) 100vw, 1024px\" \/><\/figure>\n<\/div>\n\n\n\n<div class=\"wp-block-column is-layout-flow wp-block-column-is-layout-flow\" style=\"flex-basis:83%\">\n<p>Narodila se 9. \u010dervence 1977 ve Fr\u00fddku &#8211; M\u00edstku, kde tak\u00e9 absolvovala z\u00e1kladn\u00ed \u0161kolu a st\u0159edn\u00ed \u0161kolu. Na z\u00e1kladn\u00ed um\u011bleck\u00e9 \u0161kole se vzd\u011bl\u00e1vala v oborech zobcov\u00e1 fl\u00e9tna \u2013 4 roky, p\u0159\u00ed\u010dn\u00e1 fl\u00e9tna \u2013 7 let, klav\u00edr 9 let a zp\u011bv 5 let. Pro sv\u016fj velk\u00fd z\u00e1jem o hudbu se ve druh\u00e9m ro\u010dn\u00edku gymn\u00e1zia p\u0159ihl\u00e1sila k talentov\u00fdm zkou\u0161k\u00e1m ke h\u0159e na klav\u00edr na konzervato\u0159 v Brn\u011b. Po \u00fasp\u011b\u0161n\u011b vykonan\u00fdch p\u0159ij\u00edmac\u00edch zkou\u0161k\u00e1ch dokon\u010dila studium gymn\u00e1zia individu\u00e1ln\u00edm zp\u016fsobem soub\u011b\u017en\u011b s denn\u00edm studiem na konzervato\u0159i. \u0160estilet\u00e9 vzd\u011bl\u00e1v\u00e1n\u00ed pak zakon\u010dila ve t\u0159\u00edd\u011b pana profesora V\u00e1clava \u0160effla absolutoriem dne 10. \u010dervna 1999. Pot\u00e9 nastoupila na Jan\u00e1\u010dkovu akademii m\u00fazick\u00fdch um\u011bn\u00ed. Obor hudebn\u00ed um\u011bn\u00ed &#8211; hru na cembalo dovr\u0161ila magistersk\u00fdm titulem v roce 2004 u doc. Barbary Marie Willi, Ph.D. <\/p>\n\n\n\n<p>Sv\u00e9 hudebn\u00ed vzd\u011bl\u00e1v\u00e1n\u00ed roz\u0161i\u0159ovala \u00fa\u010dast\u00ed na letn\u00edch pr\u00e1zdninov\u00fdch kurzech star\u00e9 hudby ve Valtic\u00edch a v Prachatic\u00edch, d\u00e1le tak\u00e9 na Akademii star\u00e9 hudby na Filozofick\u00e9 fakult\u011b Masarykovy univerzity v Brn\u011b, kde vykonala v roce 1999 bakal\u00e1\u0159skou st\u00e1tn\u00ed zkou\u0161ku v oboru teorie a provozovac\u00ed praxe star\u00e9 hudby &#8211; hra na cembalo (u pana profesora Shaleva Ad-El) a rok pot\u00e9 v tomt\u00e9\u017e oboru &#8211; ve h\u0159e na zobcovou fl\u00e9tnu (u pan\u00ed profesorky Suzanne Wagner). Absolvovala tak\u00e9 kurzy na Dr\u00e1\u017e\u010fansk\u00e9 akademii star\u00e9 hudby u Johna Tolla ve h\u0159e na cembalo. V r\u00e1mci programu Erasmus studovala t\u0159i m\u011bs\u00edce na Vysok\u00e9 hudebn\u00ed \u0161kole v Trossingenu (Marieke Spaans, Junghae Lee, Lars Ulrik Mortensen, Alberto Rinaldi, Carsten Lorenz). <\/p>\n\n\n\n<p>B\u011bhem studi\u00ed p\u016fsobila v kulturn\u00edm centru d\u011bt\u00ed a ml\u00e1de\u017ee v Brn\u011b na Vinohradech, kde vyu\u010dovala zobcov\u00e9 fl\u00e9tny, instrument\u00e1ln\u00ed soubor a korepetovala d\u011btsk\u00fd sbor. Soukrom\u011b vyu\u010duje hru na klav\u00edr, zobcovou fl\u00e9tnu, cembalo. Ka\u017edoro\u010dn\u011b korepetuje pr\u00e1zdninov\u00e9 barokn\u00ed kurzy star\u00e9 hudby v Hole\u0161ov\u011b, absolventsk\u00e9 koncerty na konzervato\u0159i v Brn\u011b, JAMU a p\u0159ij\u00edmac\u00ed zkou\u0161ky na Akademii star\u00e9 hudby na FF MU. <\/p>\n\n\n\n<p>Objevuje se\u00a0 na koncertech p\u0159ev\u00e1\u017en\u011b jako interpret komorn\u00ed barokn\u00ed hudby a sou\u010dasn\u00e9 tvorby. Spolupracovala s\u00a0mnoha \u010desk\u00fdmi barokn\u00edmi soubory. Je aktivn\u00ed \u010dlenkou souboru Musica Armonia, kter\u00fd zalo\u017eila s\u00a0v\u00fdznamnou interpretkou barokn\u00ed hudby Michaelou Koudelkovou. <\/p>\n\n\n\n<p>Na konzervato\u0159i v\u00a0Brn\u011b p\u016fsob\u00ed od roku 2005. Korepetuje ve t\u0159\u00edd\u011b zobcov\u00fdch fl\u00e9ten, vyu\u010duje komorn\u00ed hru, povinn\u00e9 cembalo a basso continuo pro studenty hlavn\u00edho oboru zobcov\u00e1 fl\u00e9tna. Vede barokn\u00ed interpreta\u010dn\u00ed semin\u00e1\u0159, kter\u00fd je otev\u0159en pro v\u0161echny studenty \u0161koly, kte\u0159\u00ed se zaj\u00edmaj\u00ed o provozov\u00e1n\u00ed star\u00e9 hudby. V\u00a0roce 2019 zalo\u017eila hlavn\u00ed obor hra na cembalo, kter\u00fd tak\u00e9 aktu\u00e1ln\u011b vyu\u010duje.\u00a0<\/p>\n<\/div>\n<\/div>\n","protected":false},"excerpt":{"rendered":"<p>Narodila se 9. \u010dervence 1977 ve Fr\u00fddku &#8211; M\u00edstku, kde tak\u00e9 absolvovala z\u00e1kladn\u00ed \u0161kolu a st\u0159edn\u00ed \u0161kolu. Na z\u00e1kladn\u00ed um\u011bleck\u00e9 \u0161kole se vzd\u011bl\u00e1vala v oborech zobcov\u00e1 fl\u00e9tna \u2013 4 roky, p\u0159\u00ed\u010dn\u00e1 fl\u00e9tna \u2013 7 let, klav\u00edr 9 let a zp\u011bv 5 let. Pro sv\u016fj velk\u00fd z\u00e1jem o hudbu se ve druh\u00e9m ro\u010dn\u00edku gymn\u00e1zia p\u0159ihl\u00e1sila k&hellip; <a class=\"more-link\" href=\"https:\/\/konzervatorbrno.eu\/klavirnikurzy\/mga-monika-sujanova\/\">Pokra\u010dovat ve\u00a0\u010dten\u00ed <span class=\"screen-reader-text\">MgA. Monika \u0160ujanov\u00e1<\/span><\/a><\/p>\n","protected":false},"author":4,"featured_media":0,"parent":0,"menu_order":0,"comment_status":"closed","ping_status":"closed","template":"","meta":{"ngg_post_thumbnail":0,"footnotes":""},"class_list":["post-1476","page","type-page","status-publish","hentry","entry"],"_links":{"self":[{"href":"https:\/\/konzervatorbrno.eu\/klavirnikurzy\/wp-json\/wp\/v2\/pages\/1476","targetHints":{"allow":["GET"]}}],"collection":[{"href":"https:\/\/konzervatorbrno.eu\/klavirnikurzy\/wp-json\/wp\/v2\/pages"}],"about":[{"href":"https:\/\/konzervatorbrno.eu\/klavirnikurzy\/wp-json\/wp\/v2\/types\/page"}],"author":[{"embeddable":true,"href":"https:\/\/konzervatorbrno.eu\/klavirnikurzy\/wp-json\/wp\/v2\/users\/4"}],"replies":[{"embeddable":true,"href":"https:\/\/konzervatorbrno.eu\/klavirnikurzy\/wp-json\/wp\/v2\/comments?post=1476"}],"version-history":[{"count":4,"href":"https:\/\/konzervatorbrno.eu\/klavirnikurzy\/wp-json\/wp\/v2\/pages\/1476\/revisions"}],"predecessor-version":[{"id":2650,"href":"https:\/\/konzervatorbrno.eu\/klavirnikurzy\/wp-json\/wp\/v2\/pages\/1476\/revisions\/2650"}],"wp:attachment":[{"href":"https:\/\/konzervatorbrno.eu\/klavirnikurzy\/wp-json\/wp\/v2\/media?parent=1476"}],"curies":[{"name":"wp","href":"https:\/\/api.w.org\/{rel}","templated":true}]}}