{"id":117,"date":"2021-03-23T22:19:04","date_gmt":"2021-03-23T21:19:04","guid":{"rendered":"http:\/\/klavirnikurzybrno.cz\/?page_id=117"},"modified":"2026-03-22T21:07:54","modified_gmt":"2026-03-22T20:07:54","slug":"aktuality","status":"publish","type":"page","link":"https:\/\/konzervatorbrno.eu\/klavirnikurzy\/aktuality\/","title":{"rendered":"AKTUALITY"},"content":{"rendered":"\n<p>Mil\u00ed \u00fa\u010dastn\u00edci klav\u00edrn\u00edch kurz\u016f Konzervato\u0159e Brno,\u00a0\u00a0<br>s\u00a0radost\u00ed vyhla\u0161ujeme 12. ro\u010dn\u00edk klav\u00edrn\u00edch kurz\u016f \u201e<strong>Pr\u00e1zdninov\u00e9 rozehr\u00e1v\u00e1n\u00ed<\/strong>\u201c.<br>Jako v\u017edy jsme pro v\u00e1s p\u0159ipravili bohat\u00fd program. Krom\u011b tradi\u010dn\u00ed individu\u00e1ln\u00ed v\u00fduky, sboru, cvi\u010den\u00ed,<br>koncert\u016f, p\u0159edn\u00e1\u0161ek v\u00a0tomto ro\u010dn\u00edk\u016f v\u00e1s \u010dek\u00e1 p\u0159ekvapen\u00ed \u2013 Interaktivn\u00ed \u0161ifrovac\u00ed\u00a0hra\u00a0\u201ePo stop\u00e1ch<br>li\u0161ky Bystrou\u0161ky\u201c.<br>P\u0159ihla\u0161ov\u00e1n\u00ed na kurzy za\u010dneme o v\u00edkendu 28.-29. b\u0159ezna 2026<\/p>\n\n\n\n<p>Let\u00e1k kurz\u016f najdete <a href=\"https:\/\/konzervatorbrno.eu\/klavirnikurzy\/wp-content\/uploads\/2026\/03\/Letak_2026.pdf\">zde<\/a><\/p>\n\n\n\n<figure class=\"wp-block-embed is-type-video is-provider-youtube wp-block-embed-youtube wp-embed-aspect-16-9 wp-has-aspect-ratio\"><div class=\"wp-block-embed__wrapper\">\n<iframe loading=\"lazy\" title=\"Z\u00e1v\u011bre\u010dn\u00fd koncert \u00fa\u010dastn\u00edk\u016f klav\u00edrn\u00edch kurz\u016f \u201ePr\u00e1zdninov\u00e9 rozehr\u00e1v\u00e1n\u00ed\u201c 2025\" width=\"750\" height=\"422\" src=\"https:\/\/www.youtube.com\/embed\/videoseries?list=PLxQPoevIq15znJ8S1J8JeqVg_N7SMBNxf\" frameborder=\"0\" allow=\"accelerometer; autoplay; clipboard-write; encrypted-media; gyroscope; picture-in-picture; web-share\" referrerpolicy=\"strict-origin-when-cross-origin\" allowfullscreen><\/iframe>\n<\/div><\/figure>\n\n\n\n<p><\/p>\n\n\n\n<p><\/p>\n","protected":false},"excerpt":{"rendered":"<p>Mil\u00ed \u00fa\u010dastn\u00edci klav\u00edrn\u00edch kurz\u016f Konzervato\u0159e Brno,\u00a0\u00a0s\u00a0radost\u00ed vyhla\u0161ujeme 12. ro\u010dn\u00edk klav\u00edrn\u00edch kurz\u016f \u201ePr\u00e1zdninov\u00e9 rozehr\u00e1v\u00e1n\u00ed\u201c.Jako v\u017edy jsme pro v\u00e1s p\u0159ipravili bohat\u00fd program. Krom\u011b tradi\u010dn\u00ed individu\u00e1ln\u00ed v\u00fduky, sboru, cvi\u010den\u00ed,koncert\u016f, p\u0159edn\u00e1\u0161ek v\u00a0tomto ro\u010dn\u00edk\u016f v\u00e1s \u010dek\u00e1 p\u0159ekvapen\u00ed \u2013 Interaktivn\u00ed \u0161ifrovac\u00ed\u00a0hra\u00a0\u201ePo stop\u00e1chli\u0161ky Bystrou\u0161ky\u201c.P\u0159ihla\u0161ov\u00e1n\u00ed na kurzy za\u010dneme o v\u00edkendu 28.-29. b\u0159ezna 2026 Let\u00e1k kurz\u016f najdete zde<\/p>\n","protected":false},"author":4,"featured_media":0,"parent":0,"menu_order":1,"comment_status":"closed","ping_status":"closed","template":"","meta":{"ngg_post_thumbnail":0,"footnotes":""},"class_list":["post-117","page","type-page","status-publish","hentry","entry"],"_links":{"self":[{"href":"https:\/\/konzervatorbrno.eu\/klavirnikurzy\/wp-json\/wp\/v2\/pages\/117","targetHints":{"allow":["GET"]}}],"collection":[{"href":"https:\/\/konzervatorbrno.eu\/klavirnikurzy\/wp-json\/wp\/v2\/pages"}],"about":[{"href":"https:\/\/konzervatorbrno.eu\/klavirnikurzy\/wp-json\/wp\/v2\/types\/page"}],"author":[{"embeddable":true,"href":"https:\/\/konzervatorbrno.eu\/klavirnikurzy\/wp-json\/wp\/v2\/users\/4"}],"replies":[{"embeddable":true,"href":"https:\/\/konzervatorbrno.eu\/klavirnikurzy\/wp-json\/wp\/v2\/comments?post=117"}],"version-history":[{"count":149,"href":"https:\/\/konzervatorbrno.eu\/klavirnikurzy\/wp-json\/wp\/v2\/pages\/117\/revisions"}],"predecessor-version":[{"id":11220,"href":"https:\/\/konzervatorbrno.eu\/klavirnikurzy\/wp-json\/wp\/v2\/pages\/117\/revisions\/11220"}],"wp:attachment":[{"href":"https:\/\/konzervatorbrno.eu\/klavirnikurzy\/wp-json\/wp\/v2\/media?parent=117"}],"curies":[{"name":"wp","href":"https:\/\/api.w.org\/{rel}","templated":true}]}}